{"id":68,"date":"2020-06-04T17:51:55","date_gmt":"2020-06-04T17:51:55","guid":{"rendered":"https:\/\/arosbusinessacademy.dk\/konsulentydelser\/?page_id=68"},"modified":"2025-05-08T12:12:31","modified_gmt":"2025-05-08T12:12:31","slug":"tag-fat-i-os","status":"publish","type":"page","link":"https:\/\/arosbusinessacademy.dk\/konsulentydelser\/tag-fat-i-os\/","title":{"rendered":"Tag fat i os"},"content":{"rendered":"\n<div style=\"background-color:#313131;padding-bottom:8%;padding-top:10%;margin-bottom:5%\" class=\"wp-block-atomic-blocks-ab-container alignfull ab-layout-hero-1 position-contact ab-block-container alignfull\"><div class=\"ab-container-inside\"><div class=\"ab-container-content\" style=\"max-width:1200px\">\n<h1 class=\"has-text-align-left font-body ab-white-text font-xxl wp-block-heading\"><strong>tag fat i os.<\/strong><\/h1>\n\n\n\n<p style=\"color:#ffffff\" class=\"has-text-color has-text-align-left font-headline font-weight-400\">Fort\u00e6l om jeres udfordring eller behov. S\u00e5 tager vi en indledende snak og ser p\u00e5, hvordan vi kan hj\u00e6lpe jer.<\/p>\n\n\n\n<p><\/p>\n<\/div><\/div><\/div>\n\n\n\n<p style=\"font-size:31px\" class=\"has-text-align-left\"><strong>Ring til os p\u00e5 tlf. <a href=\"tel:\">70 278 279<\/a><\/strong><\/p>\n\n\n\n<div style=\"height:20px\" aria-hidden=\"true\" class=\"wp-block-spacer\"><\/div>\n\n\n\n<div class=\"wp-block-atomic-blocks-ab-columns ab-layout-columns-2 ab-2-col-equal\"><div class=\"ab-layout-column-wrap ab-block-layout-column-gap-2 ab-is-responsive-column\">\n<div class=\"wp-block-atomic-blocks-ab-column ab-block-layout-column\"><div class=\"ab-block-layout-column-inner\">\n<figure class=\"wp-block-image\"><img loading=\"lazy\" decoding=\"async\" width=\"1920\" height=\"1440\" src=\"https:\/\/arosbusinessacademy.dk\/konsulentydelser\/wp-content\/uploads\/2025\/05\/1-1.jpg\" alt=\"\" class=\"wp-image-1209\" srcset=\"https:\/\/arosbusinessacademy.dk\/konsulentydelser\/wp-content\/uploads\/2025\/05\/1-1.jpg 1920w, https:\/\/arosbusinessacademy.dk\/konsulentydelser\/wp-content\/uploads\/2025\/05\/1-1-300x225.jpg 300w, https:\/\/arosbusinessacademy.dk\/konsulentydelser\/wp-content\/uploads\/2025\/05\/1-1-1024x768.jpg 1024w, https:\/\/arosbusinessacademy.dk\/konsulentydelser\/wp-content\/uploads\/2025\/05\/1-1-768x576.jpg 768w, https:\/\/arosbusinessacademy.dk\/konsulentydelser\/wp-content\/uploads\/2025\/05\/1-1-1536x1152.jpg 1536w, https:\/\/arosbusinessacademy.dk\/konsulentydelser\/wp-content\/uploads\/2025\/05\/1-1-1200x900.jpg 1200w, https:\/\/arosbusinessacademy.dk\/konsulentydelser\/wp-content\/uploads\/2025\/05\/1-1-1400x1050.jpg 1400w\" sizes=\"auto, (max-width: 1920px) 100vw, 1920px\" \/><\/figure>\n\n\n\n<div style=\"height:20px\" aria-hidden=\"true\" class=\"wp-block-spacer\"><\/div>\n\n\n\n<p style=\"font-size:12px\">Vi har hovedkontor i K\u00f8benhavn lige ved Papir\u00f8en, Nyhavn og Broens Gadek\u00f8kken men kommer hjertens gerne ud til jer, uanset hvor I sidder i landet. Vores virksomhed begyndte sit liv i Aarhus, og kontoret ligger i dag i K\u00f8benhavn.<\/p>\n<\/div><\/div>\n\n\n\n<div class=\"wp-block-atomic-blocks-ab-column ab-block-layout-column\"><div class=\"ab-block-layout-column-inner\">\n<h3 class=\"wp-block-heading\">Eller send os et par linjer:<\/h3>\n\n\n\n<div class=\"wpcf7 no-js\" id=\"wpcf7-f269-o1\" lang=\"da-DK\" dir=\"ltr\" data-wpcf7-id=\"269\">\n<div class=\"screen-reader-response\"><p role=\"status\" aria-live=\"polite\" aria-atomic=\"true\"><\/p> <ul><\/ul><\/div>\n<form action=\"\/konsulentydelser\/wp-json\/wp\/v2\/pages\/68#wpcf7-f269-o1\" method=\"post\" class=\"wpcf7-form init\" aria-label=\"Kontaktformular\" novalidate=\"novalidate\" data-status=\"init\">\n<fieldset class=\"hidden-fields-container\"><input type=\"hidden\" name=\"_wpcf7\" value=\"269\" \/><input type=\"hidden\" name=\"_wpcf7_version\" value=\"6.1.1\" \/><input type=\"hidden\" name=\"_wpcf7_locale\" value=\"da_DK\" \/><input type=\"hidden\" name=\"_wpcf7_unit_tag\" value=\"wpcf7-f269-o1\" \/><input type=\"hidden\" name=\"_wpcf7_container_post\" value=\"0\" \/><input type=\"hidden\" name=\"_wpcf7_posted_data_hash\" value=\"\" \/>\n<\/fieldset>\n<p><label> DIT NAVN<br \/>\n<span class=\"wpcf7-form-control-wrap\" data-name=\"your-name\"><input size=\"40\" maxlength=\"400\" class=\"wpcf7-form-control wpcf7-text wpcf7-validates-as-required\" aria-required=\"true\" aria-invalid=\"false\" value=\"\" type=\"text\" name=\"your-name\" \/><\/span> <\/label>\n<\/p>\n<p><label> TELEFON<br \/>\n<span class=\"wpcf7-form-control-wrap\" data-name=\"your-telefon\"><input size=\"40\" maxlength=\"400\" class=\"wpcf7-form-control wpcf7-text wpcf7-validates-as-required\" aria-required=\"true\" aria-invalid=\"false\" value=\"\" type=\"text\" name=\"your-telefon\" \/><\/span> <\/label>\n<\/p>\n<p><label> EMAIL<br \/>\n<span class=\"wpcf7-form-control-wrap\" data-name=\"your-email\"><input size=\"40\" maxlength=\"400\" class=\"wpcf7-form-control wpcf7-email wpcf7-validates-as-required wpcf7-text wpcf7-validates-as-email\" aria-required=\"true\" aria-invalid=\"false\" value=\"\" type=\"email\" name=\"your-email\" \/><\/span> <\/label>\n<\/p>\n<p><label> ARBEJDSPLADS<br \/>\n<span class=\"wpcf7-form-control-wrap\" data-name=\"your-workplace\"><input size=\"40\" maxlength=\"400\" class=\"wpcf7-form-control wpcf7-text wpcf7-validates-as-required\" aria-required=\"true\" aria-invalid=\"false\" value=\"\" type=\"text\" name=\"your-workplace\" \/><\/span> <\/label>\n<\/p>\n<p><label> HVAD HAR I BRUG FOR HJ\u00c6LP TIL?<br \/>\n<span class=\"wpcf7-form-control-wrap\" data-name=\"your-message\"><textarea cols=\"40\" rows=\"4\" maxlength=\"2000\" class=\"wpcf7-form-control wpcf7-textarea\" aria-invalid=\"false\" name=\"your-message\"><\/textarea><\/span> <\/label>\n<\/p>\n<div class=\"text-right\">\n\t<p><input class=\"wpcf7-form-control wpcf7-submit has-spinner\" type=\"submit\" value=\"Send\" \/>\n\t<\/p>\n<\/div><div class=\"wpcf7-response-output\" aria-hidden=\"true\"><\/div>\n<\/form>\n<\/div>\n\n<\/div><\/div>\n<\/div><\/div>\n\n\n\n<div style=\"height:100px\" aria-hidden=\"true\" class=\"wp-block-spacer\"><\/div>\n\n\n\n<p><\/p>\n","protected":false},"excerpt":{"rendered":"<p>Ring til os p\u00e5 tlf. 70 278 279<\/p>\n","protected":false},"author":1,"featured_media":0,"parent":0,"menu_order":0,"comment_status":"closed","ping_status":"closed","template":"","meta":{"footnotes":""},"class_list":["post-68","page","type-page","status-publish","hentry","post","without-featured-image"],"yoast_head":"<!-- This site is optimized with the Yoast SEO plugin v25.7 - https:\/\/yoast.com\/wordpress\/plugins\/seo\/ -->\n<title>Tag fat i os - Aros Business Academy \/ Konsulentydelser<\/title>\n<meta name=\"robots\" content=\"index, follow, max-snippet:-1, max-image-preview:large, max-video-preview:-1\" \/>\n<link rel=\"canonical\" href=\"https:\/\/arosbusinessacademy.dk\/konsulentydelser\/tag-fat-i-os\/\" \/>\n<meta property=\"og:locale\" content=\"en_US\" \/>\n<meta property=\"og:type\" content=\"article\" \/>\n<meta property=\"og:title\" content=\"Tag fat i os - Aros Business Academy \/ Konsulentydelser\" \/>\n<meta property=\"og:description\" content=\"Ring til os p\u00e5 tlf. 70 278 279\" \/>\n<meta property=\"og:url\" content=\"https:\/\/arosbusinessacademy.dk\/konsulentydelser\/tag-fat-i-os\/\" \/>\n<meta property=\"og:site_name\" content=\"Aros Business Academy \/ Konsulentydelser\" \/>\n<meta property=\"article:modified_time\" content=\"2025-05-08T12:12:31+00:00\" \/>\n<meta property=\"og:image\" content=\"https:\/\/arosbusinessacademy.dk\/konsulentydelser\/wp-content\/uploads\/2025\/05\/1-1.jpg\" \/>\n<meta name=\"twitter:card\" content=\"summary_large_image\" \/>\n<script type=\"application\/ld+json\" class=\"yoast-schema-graph\">{\"@context\":\"https:\/\/schema.org\",\"@graph\":[{\"@type\":\"WebPage\",\"@id\":\"https:\/\/arosbusinessacademy.dk\/konsulentydelser\/tag-fat-i-os\/\",\"url\":\"https:\/\/arosbusinessacademy.dk\/konsulentydelser\/tag-fat-i-os\/\",\"name\":\"Tag fat i os - Aros Business Academy \/ Konsulentydelser\",\"isPartOf\":{\"@id\":\"https:\/\/arosbusinessacademy.dk\/konsulentydelser\/#website\"},\"primaryImageOfPage\":{\"@id\":\"https:\/\/arosbusinessacademy.dk\/konsulentydelser\/tag-fat-i-os\/#primaryimage\"},\"image\":{\"@id\":\"https:\/\/arosbusinessacademy.dk\/konsulentydelser\/tag-fat-i-os\/#primaryimage\"},\"thumbnailUrl\":\"https:\/\/arosbusinessacademy.dk\/konsulentydelser\/wp-content\/uploads\/2025\/05\/1-1.jpg\",\"datePublished\":\"2020-06-04T17:51:55+00:00\",\"dateModified\":\"2025-05-08T12:12:31+00:00\",\"breadcrumb\":{\"@id\":\"https:\/\/arosbusinessacademy.dk\/konsulentydelser\/tag-fat-i-os\/#breadcrumb\"},\"inLanguage\":\"en-US\",\"potentialAction\":[{\"@type\":\"ReadAction\",\"target\":[\"https:\/\/arosbusinessacademy.dk\/konsulentydelser\/tag-fat-i-os\/\"]}]},{\"@type\":\"ImageObject\",\"inLanguage\":\"en-US\",\"@id\":\"https:\/\/arosbusinessacademy.dk\/konsulentydelser\/tag-fat-i-os\/#primaryimage\",\"url\":\"https:\/\/arosbusinessacademy.dk\/konsulentydelser\/wp-content\/uploads\/2025\/05\/1-1.jpg\",\"contentUrl\":\"https:\/\/arosbusinessacademy.dk\/konsulentydelser\/wp-content\/uploads\/2025\/05\/1-1.jpg\",\"width\":1920,\"height\":1440},{\"@type\":\"BreadcrumbList\",\"@id\":\"https:\/\/arosbusinessacademy.dk\/konsulentydelser\/tag-fat-i-os\/#breadcrumb\",\"itemListElement\":[{\"@type\":\"ListItem\",\"position\":1,\"name\":\"Home\",\"item\":\"https:\/\/arosbusinessacademy.dk\/konsulentydelser\/\"},{\"@type\":\"ListItem\",\"position\":2,\"name\":\"Tag fat i os\"}]},{\"@type\":\"WebSite\",\"@id\":\"https:\/\/arosbusinessacademy.dk\/konsulentydelser\/#website\",\"url\":\"https:\/\/arosbusinessacademy.dk\/konsulentydelser\/\",\"name\":\"Aros Business Academy \/ Konsulentydelser\",\"description\":\"\",\"potentialAction\":[{\"@type\":\"SearchAction\",\"target\":{\"@type\":\"EntryPoint\",\"urlTemplate\":\"https:\/\/arosbusinessacademy.dk\/konsulentydelser\/?s={search_term_string}\"},\"query-input\":{\"@type\":\"PropertyValueSpecification\",\"valueRequired\":true,\"valueName\":\"search_term_string\"}}],\"inLanguage\":\"en-US\"}]}<\/script>\n<!-- \/ Yoast SEO plugin. -->","yoast_head_json":{"title":"Tag fat i os - Aros Business Academy \/ Konsulentydelser","robots":{"index":"index","follow":"follow","max-snippet":"max-snippet:-1","max-image-preview":"max-image-preview:large","max-video-preview":"max-video-preview:-1"},"canonical":"https:\/\/arosbusinessacademy.dk\/konsulentydelser\/tag-fat-i-os\/","og_locale":"en_US","og_type":"article","og_title":"Tag fat i os - Aros Business Academy \/ Konsulentydelser","og_description":"Ring til os p\u00e5 tlf. 70 278 279","og_url":"https:\/\/arosbusinessacademy.dk\/konsulentydelser\/tag-fat-i-os\/","og_site_name":"Aros Business Academy \/ Konsulentydelser","article_modified_time":"2025-05-08T12:12:31+00:00","og_image":[{"url":"https:\/\/arosbusinessacademy.dk\/konsulentydelser\/wp-content\/uploads\/2025\/05\/1-1.jpg","type":"","width":"","height":""}],"twitter_card":"summary_large_image","schema":{"@context":"https:\/\/schema.org","@graph":[{"@type":"WebPage","@id":"https:\/\/arosbusinessacademy.dk\/konsulentydelser\/tag-fat-i-os\/","url":"https:\/\/arosbusinessacademy.dk\/konsulentydelser\/tag-fat-i-os\/","name":"Tag fat i os - Aros Business Academy \/ Konsulentydelser","isPartOf":{"@id":"https:\/\/arosbusinessacademy.dk\/konsulentydelser\/#website"},"primaryImageOfPage":{"@id":"https:\/\/arosbusinessacademy.dk\/konsulentydelser\/tag-fat-i-os\/#primaryimage"},"image":{"@id":"https:\/\/arosbusinessacademy.dk\/konsulentydelser\/tag-fat-i-os\/#primaryimage"},"thumbnailUrl":"https:\/\/arosbusinessacademy.dk\/konsulentydelser\/wp-content\/uploads\/2025\/05\/1-1.jpg","datePublished":"2020-06-04T17:51:55+00:00","dateModified":"2025-05-08T12:12:31+00:00","breadcrumb":{"@id":"https:\/\/arosbusinessacademy.dk\/konsulentydelser\/tag-fat-i-os\/#breadcrumb"},"inLanguage":"en-US","potentialAction":[{"@type":"ReadAction","target":["https:\/\/arosbusinessacademy.dk\/konsulentydelser\/tag-fat-i-os\/"]}]},{"@type":"ImageObject","inLanguage":"en-US","@id":"https:\/\/arosbusinessacademy.dk\/konsulentydelser\/tag-fat-i-os\/#primaryimage","url":"https:\/\/arosbusinessacademy.dk\/konsulentydelser\/wp-content\/uploads\/2025\/05\/1-1.jpg","contentUrl":"https:\/\/arosbusinessacademy.dk\/konsulentydelser\/wp-content\/uploads\/2025\/05\/1-1.jpg","width":1920,"height":1440},{"@type":"BreadcrumbList","@id":"https:\/\/arosbusinessacademy.dk\/konsulentydelser\/tag-fat-i-os\/#breadcrumb","itemListElement":[{"@type":"ListItem","position":1,"name":"Home","item":"https:\/\/arosbusinessacademy.dk\/konsulentydelser\/"},{"@type":"ListItem","position":2,"name":"Tag fat i os"}]},{"@type":"WebSite","@id":"https:\/\/arosbusinessacademy.dk\/konsulentydelser\/#website","url":"https:\/\/arosbusinessacademy.dk\/konsulentydelser\/","name":"Aros Business Academy \/ Konsulentydelser","description":"","potentialAction":[{"@type":"SearchAction","target":{"@type":"EntryPoint","urlTemplate":"https:\/\/arosbusinessacademy.dk\/konsulentydelser\/?s={search_term_string}"},"query-input":{"@type":"PropertyValueSpecification","valueRequired":true,"valueName":"search_term_string"}}],"inLanguage":"en-US"}]}},"featured_image_src":null,"featured_image_src_square":null,"_links":{"self":[{"href":"https:\/\/arosbusinessacademy.dk\/konsulentydelser\/wp-json\/wp\/v2\/pages\/68","targetHints":{"allow":["GET"]}}],"collection":[{"href":"https:\/\/arosbusinessacademy.dk\/konsulentydelser\/wp-json\/wp\/v2\/pages"}],"about":[{"href":"https:\/\/arosbusinessacademy.dk\/konsulentydelser\/wp-json\/wp\/v2\/types\/page"}],"author":[{"embeddable":true,"href":"https:\/\/arosbusinessacademy.dk\/konsulentydelser\/wp-json\/wp\/v2\/users\/1"}],"replies":[{"embeddable":true,"href":"https:\/\/arosbusinessacademy.dk\/konsulentydelser\/wp-json\/wp\/v2\/comments?post=68"}],"version-history":[{"count":47,"href":"https:\/\/arosbusinessacademy.dk\/konsulentydelser\/wp-json\/wp\/v2\/pages\/68\/revisions"}],"predecessor-version":[{"id":1213,"href":"https:\/\/arosbusinessacademy.dk\/konsulentydelser\/wp-json\/wp\/v2\/pages\/68\/revisions\/1213"}],"wp:attachment":[{"href":"https:\/\/arosbusinessacademy.dk\/konsulentydelser\/wp-json\/wp\/v2\/media?parent=68"}],"curies":[{"name":"wp","href":"https:\/\/api.w.org\/{rel}","templated":true}]}}