{"id":65,"date":"2020-06-04T17:51:40","date_gmt":"2020-06-04T17:51:40","guid":{"rendered":"https:\/\/arosbusinessacademy.dk\/konsulentydelser\/?page_id=65"},"modified":"2025-07-08T11:01:26","modified_gmt":"2025-07-08T11:01:26","slug":"om-acg","status":"publish","type":"page","link":"https:\/\/arosbusinessacademy.dk\/konsulentydelser\/om-acg\/","title":{"rendered":"Om Aros"},"content":{"rendered":"\n<div style=\"background-color:#0b0b0b;padding-bottom:8%;padding-top:10%;margin-bottom:5%\" class=\"wp-block-atomic-blocks-ab-container alignfull ab-layout-hero-1 position-about ab-block-container alignfull\"><div class=\"ab-container-inside\"><div class=\"ab-container-image-wrap\"><img decoding=\"async\" class=\"ab-container-image has-background-dim-100 has-background-dim\" src=\"https:\/\/arosbusinessacademy.dk\/konsulentydelser\/wp-content\/uploads\/2020\/06\/about.jpeg\" alt=\"\"\/><\/div><div class=\"ab-container-content\" style=\"max-width:1200px\">\n<h1 class=\"has-text-color has-text-align-left font-body ab-white-text font-xxl wp-block-heading\" style=\"color:#ffffff\"><strong>om Aros<\/strong>.<\/h1>\n\n\n\n<div style=\"text-align:left\" class=\"wp-block-atomic-blocks-ab-button button-white ab-block-button\"><a href=\"https:\/\/arosbusinessacademy.dk\/konsulentydelser\/tag-fat-i-os\/\" class=\"ab-button ab-button-shape-square ab-button-size-small\" style=\"color:#000000;background-color:#ffffff\">Hvad kan vi hj\u00e6lpe jer med?<\/a><\/div>\n\n\n\n<p style=\"color:#ffffff\" class=\"has-text-color has-text-align-left font-headline font-weight-400 max-width-500\">Dansk konsulenthus med fokus p\u00e5 strategisk kompetenceudvikling. En del af Aros Business Academy med aktiviteter i Sverige, Norge, Tyskland, F\u00e6r\u00f8erne, Gr\u00f8nland og Danmark.&nbsp;<\/p>\n\n\n\n<p><\/p>\n<\/div><\/div><\/div>\n\n\n\n<h2 class=\"has-text-align-center font-h1 font-weight-400 wp-block-heading\">Hvis ikke vi skabte forandring og&nbsp;<em>IMPACT<\/em>,<br>\u200bhvorfor skulle vi s\u00e5 overhovedet v\u00e6re til?<\/h2>\n\n\n\n<div style=\"color:#ddd\" class=\"wp-block-atomic-blocks-ab-spacer ab-block-spacer ab-divider-solid ab-spacer-divider ab-divider-size-1\"><hr style=\"height:80px\"\/><\/div>\n\n\n\n<h3 class=\"has-text-align-center font-weight-400 font-h1 wp-block-heading\"><em>Vores consulting er baseret p\u00e5 tre mantraer:<\/em><\/h3>\n\n\n\n<div style=\"height:20px\" aria-hidden=\"true\" class=\"wp-block-spacer\"><\/div>\n\n\n\n<div class=\"wp-block-atomic-blocks-ab-columns ab-layout-columns-3 ab-3-col-equal\"><div class=\"ab-layout-column-wrap ab-block-layout-column-gap-3 ab-is-responsive-column\">\n<div class=\"wp-block-atomic-blocks-ab-column ab-block-layout-column\"><div class=\"ab-block-layout-column-inner\">\n<h4 class=\"has-text-color wp-block-heading\" style=\"color:#8e2424\">1. Forandring handler om mennesker<\/h4>\n\n\n\n<p class=\"has-normal-font-size\">Det vigtigste enkeltst\u00e5ende element i enhver forandringsproces, udviklingsproces eller implementering er hverken strategien, drejebogen, v\u00e6rkt\u00f8jerne eller de gode ambitioner. Det er menneskerne! Dem, der udf\u00f8rer planen, og dem der p\u00e5virkes af planen. Har man de forkerte folk ansat til opgaven, eller f\u00e5r man ikke medarbejderne med ombord, s\u00e5 fejler projektet.<\/p>\n\n\n\n<p class=\"has-normal-font-size\">\u200bS\u00e5 enkelt er det.<\/p>\n<\/div><\/div>\n\n\n\n<div class=\"wp-block-atomic-blocks-ab-column ab-block-layout-column\"><div class=\"ab-block-layout-column-inner\">\n<h4 class=\"has-text-color wp-block-heading\" style=\"color:#8e2424\">2. Udvikling handler om kompetencer<\/h4>\n\n\n\n<p class=\"has-normal-font-size\">For at skabe en markant positiv forandring hos jer, retter vi i langt de fleste tilf\u00e6lde et analytisk blik mod kompetencerne i jeres organisation. Hvilke lederkompetencer og medarbejderkompetencer er afg\u00f8rende for at n\u00e5 jeres m\u00e5l? Og har ledelsen og medarbejderne disse kompetencer?<\/p>\n\n\n\n<p class=\"has-normal-font-size\">\u200bVi skaber det n\u00f8dvendige strategiske kompetencel\u00f8ft hos jer via workshops, kurser, makkeropl\u00e6ring, mesterl\u00e6re, l\u00e6ringsgrupper, videndeling, e-learning og meget andet.<\/p>\n<\/div><\/div>\n\n\n\n<div class=\"wp-block-atomic-blocks-ab-column ab-block-layout-column\"><div class=\"ab-block-layout-column-inner\">\n<h4 class=\"has-text-color wp-block-heading\" style=\"color:#8e2424\">3. Alting handler om \u200bv\u00e6kst<\/h4>\n\n\n\n<p class=\"has-normal-font-size\">En forandring er aldrig i sig selv det endelige m\u00e5l. Det er blot midlet. Det endelige m\u00e5l er v\u00e6kst! Og det er uanset, om jeres forandring handler om bundlinje, effektivisering, arbejdskultur, b\u00e6redygtighed eller noget helt femte.<\/p>\n\n\n\n<p class=\"has-normal-font-size\">V\u00e6kst er fremdrift. V\u00e6kst er forbedring. V\u00e6kst er en lysere fremtid for organisationen eller for verden omkring den.&nbsp;<\/p>\n<\/div><\/div>\n<\/div><\/div>\n\n\n\n<div style=\"height:39px\" aria-hidden=\"true\" class=\"wp-block-spacer\"><\/div>\n\n\n\n<h2 class=\"has-text-align-left mb-4 wp-block-heading\">Hvem er vi?<\/h2>\n\n\n\n<h4 class=\"has-text-color has-text-align-left wp-block-heading\" style=\"color:#8e2424\">Stort sp\u00f8rgsm\u00e5l, nemt svar<\/h4>\n\n\n\n<div style=\"height:20px\" aria-hidden=\"true\" class=\"wp-block-spacer\"><\/div>\n\n\n\n<div class=\"wp-block-atomic-blocks-ab-columns ab-layout-columns-2 ab-2-col-equal\"><div class=\"ab-layout-column-wrap ab-block-layout-column-gap-5 ab-is-responsive-column\">\n<div class=\"wp-block-atomic-blocks-ab-column ab-block-layout-column\"><div class=\"ab-block-layout-column-inner\">\n<p class=\"has-normal-font-size\">&#8220;Hvem er vi?&#8221; Trods sp\u00f8rgsm\u00e5lets filosofiske dybde er svaret helt enkelt. Vi er et ambiti\u00f8st konsulenthus, der hj\u00e6lper jer godt i m\u00e5l med jeres forandringer inden for kompetenceudvikling.<\/p>\n\n\n\n<p class=\"has-normal-font-size\">Vi har hovedkontor i K\u00f8benhavn lige ved Papir\u00f8en, Nyhavn og Broens Gadek\u00f8kken, men har lige s\u00e5 mange opgaver p\u00e5 den anden side af Storeb\u00e6lt. Danmark er trods alt et lille land. Vores kundesegment er b\u00e5de den offentlige og den private sektor.<\/p>\n\n\n\n<p class=\"has-normal-font-size\">Alle vores konsulenter er kr\u00e6sent h\u00e5ndplukkede med henblik p\u00e5 at f\u00e5 tingene til at ske! Det er erfarne konsulenter, hvoraf mange er tidligere ledere, og de har alle masser af erfaring fra egen praksis med i bagagen. De har med andre ord ikke altid v\u00e6ret konsulenter! Og det, mener vi, er en af de mest afg\u00f8rende \u00e5rsager til, at de lykkes s\u00e5 godt med deres projekter.<\/p>\n\n\n\n<p class=\"has-normal-font-size\">Vi er en del af Aros Business Academy, der er stiftet af erhvervsduoen Susan Hjorslev Lund og Anders Rosenlund.<\/p>\n<\/div><\/div>\n\n\n\n<div class=\"wp-block-atomic-blocks-ab-column ab-block-layout-column\"><div class=\"ab-block-layout-column-inner\">\n<figure class=\"wp-block-image size-large\"><img loading=\"lazy\" decoding=\"async\" width=\"800\" height=\"533\" src=\"https:\/\/arosbusinessacademy.dk\/konsulentydelser\/wp-content\/uploads\/2020\/06\/susan-anders-sept-2017_2_orig.jpg\" alt=\"\" class=\"wp-image-245\" srcset=\"https:\/\/arosbusinessacademy.dk\/konsulentydelser\/wp-content\/uploads\/2020\/06\/susan-anders-sept-2017_2_orig.jpg 800w, https:\/\/arosbusinessacademy.dk\/konsulentydelser\/wp-content\/uploads\/2020\/06\/susan-anders-sept-2017_2_orig-300x200.jpg 300w, https:\/\/arosbusinessacademy.dk\/konsulentydelser\/wp-content\/uploads\/2020\/06\/susan-anders-sept-2017_2_orig-768x512.jpg 768w, https:\/\/arosbusinessacademy.dk\/konsulentydelser\/wp-content\/uploads\/2020\/06\/susan-anders-sept-2017_2_orig-600x400.jpg 600w\" sizes=\"auto, (max-width: 800px) 100vw, 800px\" \/><figcaption><em>Ledelsen hos Aros Business Academy \/ Konsulentydelser: Anders Rosenlund og Susan Hjorslev Lund.<\/em><\/figcaption><\/figure>\n\n\n\n<p><\/p>\n<\/div><\/div>\n<\/div><\/div>\n\n\n\n<div style=\"height:20px\" aria-hidden=\"true\" class=\"wp-block-spacer\"><\/div>\n\n\n\n<div style=\"text-align:left\" class=\"wp-block-atomic-blocks-ab-button button-black-outline ab-block-button\"><a href=\"https:\/\/arosbusinessacademy.dk\/konsulentydelser\/vi-tilbyder\/\" class=\"ab-button ab-button-shape-square ab-button-size-small\" style=\"color:#ffffff;background-color:#000000\">Klik her og l\u00e6s om vores 7 SERVICES<\/a><\/div>\n\n\n\n<div style=\"height:50px\" aria-hidden=\"true\" class=\"wp-block-spacer\"><\/div>\n","protected":false},"excerpt":{"rendered":"<p>Hvis ikke vi skabte forandring og&nbsp;IMPACT,\u200bhvorfor skulle vi s\u00e5 overhovedet v\u00e6re til? Vores consulting er baseret p\u00e5 tre mantraer: Hvem er vi? Stort sp\u00f8rgsm\u00e5l, nemt svar<\/p>\n","protected":false},"author":1,"featured_media":0,"parent":0,"menu_order":0,"comment_status":"closed","ping_status":"closed","template":"","meta":{"footnotes":""},"class_list":["post-65","page","type-page","status-publish","hentry","post","without-featured-image"],"yoast_head":"<!-- This site is optimized with the Yoast SEO plugin v25.7 - https:\/\/yoast.com\/wordpress\/plugins\/seo\/ -->\n<title>Om Aros - Aros Business Academy \/ Konsulentydelser<\/title>\n<meta name=\"robots\" content=\"index, follow, max-snippet:-1, max-image-preview:large, max-video-preview:-1\" \/>\n<link rel=\"canonical\" href=\"https:\/\/arosbusinessacademy.dk\/konsulentydelser\/om-acg\/\" \/>\n<meta property=\"og:locale\" content=\"en_US\" \/>\n<meta property=\"og:type\" content=\"article\" \/>\n<meta property=\"og:title\" content=\"Om Aros - Aros Business Academy \/ Konsulentydelser\" \/>\n<meta property=\"og:description\" content=\"Hvis ikke vi skabte forandring og&nbsp;IMPACT,\u200bhvorfor skulle vi s\u00e5 overhovedet v\u00e6re til? Vores consulting er baseret p\u00e5 tre mantraer: Hvem er vi? Stort sp\u00f8rgsm\u00e5l, nemt svar\" \/>\n<meta property=\"og:url\" content=\"https:\/\/arosbusinessacademy.dk\/konsulentydelser\/om-acg\/\" \/>\n<meta property=\"og:site_name\" content=\"Aros Business Academy \/ Konsulentydelser\" \/>\n<meta property=\"article:modified_time\" content=\"2025-07-08T11:01:26+00:00\" \/>\n<meta property=\"og:image\" content=\"https:\/\/arosbusinessacademy.dk\/konsulentydelser\/wp-content\/uploads\/2020\/06\/about.jpeg\" \/>\n<meta name=\"twitter:card\" content=\"summary_large_image\" \/>\n<meta name=\"twitter:label1\" content=\"Est. reading time\" \/>\n\t<meta name=\"twitter:data1\" content=\"2 minutes\" \/>\n<script type=\"application\/ld+json\" class=\"yoast-schema-graph\">{\"@context\":\"https:\/\/schema.org\",\"@graph\":[{\"@type\":\"WebPage\",\"@id\":\"https:\/\/arosbusinessacademy.dk\/konsulentydelser\/om-acg\/\",\"url\":\"https:\/\/arosbusinessacademy.dk\/konsulentydelser\/om-acg\/\",\"name\":\"Om Aros - Aros Business Academy \/ Konsulentydelser\",\"isPartOf\":{\"@id\":\"https:\/\/arosbusinessacademy.dk\/konsulentydelser\/#website\"},\"primaryImageOfPage\":{\"@id\":\"https:\/\/arosbusinessacademy.dk\/konsulentydelser\/om-acg\/#primaryimage\"},\"image\":{\"@id\":\"https:\/\/arosbusinessacademy.dk\/konsulentydelser\/om-acg\/#primaryimage\"},\"thumbnailUrl\":\"https:\/\/arosbusinessacademy.dk\/konsulentydelser\/wp-content\/uploads\/2020\/06\/about.jpeg\",\"datePublished\":\"2020-06-04T17:51:40+00:00\",\"dateModified\":\"2025-07-08T11:01:26+00:00\",\"breadcrumb\":{\"@id\":\"https:\/\/arosbusinessacademy.dk\/konsulentydelser\/om-acg\/#breadcrumb\"},\"inLanguage\":\"en-US\",\"potentialAction\":[{\"@type\":\"ReadAction\",\"target\":[\"https:\/\/arosbusinessacademy.dk\/konsulentydelser\/om-acg\/\"]}]},{\"@type\":\"ImageObject\",\"inLanguage\":\"en-US\",\"@id\":\"https:\/\/arosbusinessacademy.dk\/konsulentydelser\/om-acg\/#primaryimage\",\"url\":\"https:\/\/arosbusinessacademy.dk\/konsulentydelser\/wp-content\/uploads\/2020\/06\/about.jpeg\",\"contentUrl\":\"https:\/\/arosbusinessacademy.dk\/konsulentydelser\/wp-content\/uploads\/2020\/06\/about.jpeg\",\"width\":2000,\"height\":1332},{\"@type\":\"BreadcrumbList\",\"@id\":\"https:\/\/arosbusinessacademy.dk\/konsulentydelser\/om-acg\/#breadcrumb\",\"itemListElement\":[{\"@type\":\"ListItem\",\"position\":1,\"name\":\"Home\",\"item\":\"https:\/\/arosbusinessacademy.dk\/konsulentydelser\/\"},{\"@type\":\"ListItem\",\"position\":2,\"name\":\"Om Aros\"}]},{\"@type\":\"WebSite\",\"@id\":\"https:\/\/arosbusinessacademy.dk\/konsulentydelser\/#website\",\"url\":\"https:\/\/arosbusinessacademy.dk\/konsulentydelser\/\",\"name\":\"Aros Business Academy \/ Konsulentydelser\",\"description\":\"\",\"potentialAction\":[{\"@type\":\"SearchAction\",\"target\":{\"@type\":\"EntryPoint\",\"urlTemplate\":\"https:\/\/arosbusinessacademy.dk\/konsulentydelser\/?s={search_term_string}\"},\"query-input\":{\"@type\":\"PropertyValueSpecification\",\"valueRequired\":true,\"valueName\":\"search_term_string\"}}],\"inLanguage\":\"en-US\"}]}<\/script>\n<!-- \/ Yoast SEO plugin. -->","yoast_head_json":{"title":"Om Aros - Aros Business Academy \/ Konsulentydelser","robots":{"index":"index","follow":"follow","max-snippet":"max-snippet:-1","max-image-preview":"max-image-preview:large","max-video-preview":"max-video-preview:-1"},"canonical":"https:\/\/arosbusinessacademy.dk\/konsulentydelser\/om-acg\/","og_locale":"en_US","og_type":"article","og_title":"Om Aros - Aros Business Academy \/ Konsulentydelser","og_description":"Hvis ikke vi skabte forandring og&nbsp;IMPACT,\u200bhvorfor skulle vi s\u00e5 overhovedet v\u00e6re til? Vores consulting er baseret p\u00e5 tre mantraer: Hvem er vi? Stort sp\u00f8rgsm\u00e5l, nemt svar","og_url":"https:\/\/arosbusinessacademy.dk\/konsulentydelser\/om-acg\/","og_site_name":"Aros Business Academy \/ Konsulentydelser","article_modified_time":"2025-07-08T11:01:26+00:00","og_image":[{"url":"https:\/\/arosbusinessacademy.dk\/konsulentydelser\/wp-content\/uploads\/2020\/06\/about.jpeg","type":"","width":"","height":""}],"twitter_card":"summary_large_image","twitter_misc":{"Est. reading time":"2 minutes"},"schema":{"@context":"https:\/\/schema.org","@graph":[{"@type":"WebPage","@id":"https:\/\/arosbusinessacademy.dk\/konsulentydelser\/om-acg\/","url":"https:\/\/arosbusinessacademy.dk\/konsulentydelser\/om-acg\/","name":"Om Aros - Aros Business Academy \/ Konsulentydelser","isPartOf":{"@id":"https:\/\/arosbusinessacademy.dk\/konsulentydelser\/#website"},"primaryImageOfPage":{"@id":"https:\/\/arosbusinessacademy.dk\/konsulentydelser\/om-acg\/#primaryimage"},"image":{"@id":"https:\/\/arosbusinessacademy.dk\/konsulentydelser\/om-acg\/#primaryimage"},"thumbnailUrl":"https:\/\/arosbusinessacademy.dk\/konsulentydelser\/wp-content\/uploads\/2020\/06\/about.jpeg","datePublished":"2020-06-04T17:51:40+00:00","dateModified":"2025-07-08T11:01:26+00:00","breadcrumb":{"@id":"https:\/\/arosbusinessacademy.dk\/konsulentydelser\/om-acg\/#breadcrumb"},"inLanguage":"en-US","potentialAction":[{"@type":"ReadAction","target":["https:\/\/arosbusinessacademy.dk\/konsulentydelser\/om-acg\/"]}]},{"@type":"ImageObject","inLanguage":"en-US","@id":"https:\/\/arosbusinessacademy.dk\/konsulentydelser\/om-acg\/#primaryimage","url":"https:\/\/arosbusinessacademy.dk\/konsulentydelser\/wp-content\/uploads\/2020\/06\/about.jpeg","contentUrl":"https:\/\/arosbusinessacademy.dk\/konsulentydelser\/wp-content\/uploads\/2020\/06\/about.jpeg","width":2000,"height":1332},{"@type":"BreadcrumbList","@id":"https:\/\/arosbusinessacademy.dk\/konsulentydelser\/om-acg\/#breadcrumb","itemListElement":[{"@type":"ListItem","position":1,"name":"Home","item":"https:\/\/arosbusinessacademy.dk\/konsulentydelser\/"},{"@type":"ListItem","position":2,"name":"Om Aros"}]},{"@type":"WebSite","@id":"https:\/\/arosbusinessacademy.dk\/konsulentydelser\/#website","url":"https:\/\/arosbusinessacademy.dk\/konsulentydelser\/","name":"Aros Business Academy \/ Konsulentydelser","description":"","potentialAction":[{"@type":"SearchAction","target":{"@type":"EntryPoint","urlTemplate":"https:\/\/arosbusinessacademy.dk\/konsulentydelser\/?s={search_term_string}"},"query-input":{"@type":"PropertyValueSpecification","valueRequired":true,"valueName":"search_term_string"}}],"inLanguage":"en-US"}]}},"featured_image_src":null,"featured_image_src_square":null,"_links":{"self":[{"href":"https:\/\/arosbusinessacademy.dk\/konsulentydelser\/wp-json\/wp\/v2\/pages\/65","targetHints":{"allow":["GET"]}}],"collection":[{"href":"https:\/\/arosbusinessacademy.dk\/konsulentydelser\/wp-json\/wp\/v2\/pages"}],"about":[{"href":"https:\/\/arosbusinessacademy.dk\/konsulentydelser\/wp-json\/wp\/v2\/types\/page"}],"author":[{"embeddable":true,"href":"https:\/\/arosbusinessacademy.dk\/konsulentydelser\/wp-json\/wp\/v2\/users\/1"}],"replies":[{"embeddable":true,"href":"https:\/\/arosbusinessacademy.dk\/konsulentydelser\/wp-json\/wp\/v2\/comments?post=65"}],"version-history":[{"count":41,"href":"https:\/\/arosbusinessacademy.dk\/konsulentydelser\/wp-json\/wp\/v2\/pages\/65\/revisions"}],"predecessor-version":[{"id":1221,"href":"https:\/\/arosbusinessacademy.dk\/konsulentydelser\/wp-json\/wp\/v2\/pages\/65\/revisions\/1221"}],"wp:attachment":[{"href":"https:\/\/arosbusinessacademy.dk\/konsulentydelser\/wp-json\/wp\/v2\/media?parent=65"}],"curies":[{"name":"wp","href":"https:\/\/api.w.org\/{rel}","templated":true}]}}