{"id":60,"date":"2020-06-04T17:50:58","date_gmt":"2020-06-04T17:50:58","guid":{"rendered":"https:\/\/arosbusinessacademy.dk\/konsulentydelser\/?page_id=60"},"modified":"2021-09-01T13:29:28","modified_gmt":"2021-09-01T13:29:28","slug":"vores-team","status":"publish","type":"page","link":"https:\/\/arosbusinessacademy.dk\/konsulentydelser\/vores-team\/","title":{"rendered":"Vores team"},"content":{"rendered":"\n<div style=\"background-color:#0b0b0b;padding-bottom:8%;padding-top:10%;margin-bottom:5%\" class=\"wp-block-atomic-blocks-ab-container alignfull ab-layout-hero-1 ab-block-container alignfull\"><div class=\"ab-container-inside\"><div class=\"ab-container-image-wrap\"><img decoding=\"async\" class=\"ab-container-image has-background-dim-100 has-background-dim\" src=\"https:\/\/arosbusinessacademy.dk\/konsulentydelser\/wp-content\/uploads\/2020\/06\/team.jpeg\" alt=\"\"\/><\/div><div class=\"ab-container-content\" style=\"max-width:1200px\">\n<p style=\"color:#ffffff\" class=\"has-text-color has-text-align-left font-headline font-weight-400\">I f\u00e5r benh\u00e5rd erfaring. Intet andet.<\/p>\n\n\n\n<h1 class=\"has-text-color has-text-align-left font-body ab-white-text font-xxl mb-4 wp-block-heading\" style=\"color:#ffffff\"><strong>vores team.<\/strong><\/h1>\n\n\n\n<div style=\"text-align:left\" class=\"wp-block-atomic-blocks-ab-button button-white mb-0 ab-block-button\"><a href=\"https:\/\/arosbusinessacademy.dk\/konsulentydelser\/tag-fat-i-os\/\" class=\"ab-button ab-button-shape-square ab-button-size-small\" style=\"color:#000000;background-color:#ffffff\">Tag fat i os og fort\u00e6l om jeres udfordring<\/a><\/div>\n\n\n\n<p><\/p>\n<\/div><\/div><\/div>\n\n\n\n<h2 class=\"has-text-align-center font-weight-400 font-h1 wp-block-heading\">Alle vores changemakers er senior advisors<\/h2>\n\n\n\n<p class=\"has-text-align-center\">I vores consulting team har vi vendt den klassiske konsulentpyramide p\u00e5 hovedet.<br>Vi spiser dig med andre ord ikke af med et indledende og afsluttende m\u00f8de<br>med senior advisors og partnere, hvorefter en h\u00e6r af nyuddannede<br>juniorkonsulenter og studenterhj\u00e6lpere klarer \u00e6rterne.<br>Vi ans\u00e6tter kun seniorkonsulenter.\u00a0<br>S\u00e5 enkelt er det. I m\u00e5 n\u00f8jes<br>med benh\u00e5rd<br>\u200berfaring\u200b.<\/p>\n\n\n\n<div style=\"color:#ddd\" class=\"wp-block-atomic-blocks-ab-spacer ab-block-spacer ab-divider-solid ab-spacer-divider ab-divider-size-1\"><hr style=\"height:30px\"\/><\/div>\n\n\n<p class=\"has-text-align-right\" style=\"font-size: 14px; padding-right: 25px; text-align: center;\"><a href=\"mailto:consulting@arosbusinessacademy.dk\"><strong>Interesseret i en stilling som senior advisor?<\/strong><\/a><\/p>\n\n\n<div class=\"wp-block-atomic-blocks-ab-columns ab-layout-team-1 ab-layout-columns-1 one-column ab-has-custom-background-color ab-columns-center alignfull\" style=\"padding-right:5%;padding-left:5%;background-color:#ffffff\"><div class=\"ab-layout-column-wrap ab-block-layout-column-gap-2 ab-is-responsive-column\" style=\"max-width:1200px\">\n<div class=\"wp-block-atomic-blocks-ab-column ab-block-layout-column\"><div class=\"ab-block-layout-column-inner\">\n<div class=\"wp-block-atomic-blocks-ab-columns ab-layout-columns-4 ab-4-col-equal\"><div class=\"ab-layout-column-wrap ab-block-layout-column-gap-0 ab-is-responsive-column\">\n<div class=\"wp-block-atomic-blocks-ab-column ab-block-layout-column\"><div class=\"ab-block-layout-column-inner\"><\/div><\/div>\n\n\n\n<div class=\"wp-block-atomic-blocks-ab-column ab-block-layout-column\"><div class=\"ab-block-layout-column-inner\"><\/div><\/div>\n\n\n\n<div class=\"wp-block-atomic-blocks-ab-column ab-block-layout-column\"><div class=\"ab-block-layout-column-inner\"><\/div><\/div>\n\n\n\n<div class=\"wp-block-atomic-blocks-ab-column ab-block-layout-column\"><div class=\"ab-block-layout-column-inner\">\n<p><\/p>\n<\/div><\/div>\n<\/div><\/div>\n\n\n\n<div class=\"wp-block-atomic-blocks-ab-columns ab-layout-columns-4 ab-4-col-equal\"><div class=\"ab-layout-column-wrap ab-block-layout-column-gap-0 ab-is-responsive-column\">\n<div class=\"wp-block-atomic-blocks-ab-column ab-block-layout-column\"><div class=\"ab-block-layout-column-inner\"><\/div><\/div>\n\n\n\n<div class=\"wp-block-atomic-blocks-ab-column ab-block-layout-column\"><div class=\"ab-block-layout-column-inner\"><\/div><\/div>\n\n\n\n<div class=\"wp-block-atomic-blocks-ab-column ab-block-layout-column\"><div class=\"ab-block-layout-column-inner\"><\/div><\/div>\n\n\n\n<div class=\"wp-block-atomic-blocks-ab-column ab-block-layout-column\"><div class=\"ab-block-layout-column-inner\">\n<p><\/p>\n<\/div><\/div>\n<\/div><\/div>\n\n\n\n<div class=\"wp-block-atomic-blocks-ab-columns ab-layout-columns-4 ab-4-col-equal\"><div class=\"ab-layout-column-wrap ab-block-layout-column-gap-0 ab-is-responsive-column\">\n<div class=\"wp-block-atomic-blocks-ab-column ab-block-layout-column\"><div class=\"ab-block-layout-column-inner\"><\/div><\/div>\n\n\n\n<div class=\"wp-block-atomic-blocks-ab-column ab-block-layout-column\"><div class=\"ab-block-layout-column-inner\"><\/div><\/div>\n\n\n\n<div class=\"wp-block-atomic-blocks-ab-column ab-block-layout-column\"><div class=\"ab-block-layout-column-inner\"><\/div><\/div>\n\n\n\n<div class=\"wp-block-atomic-blocks-ab-column ab-block-layout-column\"><div class=\"ab-block-layout-column-inner\">\n<p><\/p>\n<\/div><\/div>\n<\/div><\/div>\n\n\n\n<div class=\"wp-block-atomic-blocks-ab-columns ab-layout-columns-4 ab-4-col-equal\"><div class=\"ab-layout-column-wrap ab-block-layout-column-gap-0 ab-is-responsive-column\">\n<div class=\"wp-block-atomic-blocks-ab-column ab-block-layout-column\"><div class=\"ab-block-layout-column-inner\"><\/div><\/div>\n\n\n\n<div class=\"wp-block-atomic-blocks-ab-column ab-block-layout-column\"><div class=\"ab-block-layout-column-inner\"><\/div><\/div>\n\n\n\n<div class=\"wp-block-atomic-blocks-ab-column ab-block-layout-column\"><div class=\"ab-block-layout-column-inner\"><\/div><\/div>\n\n\n\n<div class=\"wp-block-atomic-blocks-ab-column ab-block-layout-column\"><div class=\"ab-block-layout-column-inner\">\n<p><\/p>\n<\/div><\/div>\n<\/div><\/div>\n<\/div><\/div>\n<\/div><\/div>\n","protected":false},"excerpt":{"rendered":"<p>Alle vores changemakers er senior advisors I vores consulting team har vi vendt den klassiske konsulentpyramide p\u00e5 hovedet.Vi spiser dig med andre ord ikke af med et indledende og afsluttende m\u00f8demed senior advisors og partnere, hvorefter en h\u00e6r af nyuddannedejuniorkonsulenter og studenterhj\u00e6lpere klarer \u00e6rterne.Vi ans\u00e6tter kun seniorkonsulenter.\u00a0S\u00e5 enkelt er det. I m\u00e5 n\u00f8jesmed benh\u00e5rd\u200berfaring\u200b. Interesseret &hellip;<\/p>\n","protected":false},"author":1,"featured_media":0,"parent":0,"menu_order":0,"comment_status":"closed","ping_status":"closed","template":"","meta":{"footnotes":""},"class_list":["post-60","page","type-page","status-publish","hentry","post","without-featured-image"],"yoast_head":"<!-- This site is optimized with the Yoast SEO plugin v25.7 - https:\/\/yoast.com\/wordpress\/plugins\/seo\/ -->\n<title>Vores team - Aros Business Academy \/ Konsulentydelser<\/title>\n<meta name=\"robots\" content=\"index, follow, max-snippet:-1, max-image-preview:large, max-video-preview:-1\" \/>\n<link rel=\"canonical\" href=\"https:\/\/arosbusinessacademy.dk\/konsulentydelser\/vores-team\/\" \/>\n<meta property=\"og:locale\" content=\"en_US\" \/>\n<meta property=\"og:type\" content=\"article\" \/>\n<meta property=\"og:title\" content=\"Vores team - Aros Business Academy \/ Konsulentydelser\" \/>\n<meta property=\"og:description\" content=\"Alle vores changemakers er senior advisors I vores consulting team har vi vendt den klassiske konsulentpyramide p\u00e5 hovedet.Vi spiser dig med andre ord ikke af med et indledende og afsluttende m\u00f8demed senior advisors og partnere, hvorefter en h\u00e6r af nyuddannedejuniorkonsulenter og studenterhj\u00e6lpere klarer \u00e6rterne.Vi ans\u00e6tter kun seniorkonsulenter.\u00a0S\u00e5 enkelt er det. I m\u00e5 n\u00f8jesmed benh\u00e5rd\u200berfaring\u200b. Interesseret &hellip;\" \/>\n<meta property=\"og:url\" content=\"https:\/\/arosbusinessacademy.dk\/konsulentydelser\/vores-team\/\" \/>\n<meta property=\"og:site_name\" content=\"Aros Business Academy \/ Konsulentydelser\" \/>\n<meta property=\"article:modified_time\" content=\"2021-09-01T13:29:28+00:00\" \/>\n<meta property=\"og:image\" content=\"https:\/\/arosbusinessacademy.dk\/konsulentydelser\/wp-content\/uploads\/2020\/06\/team.jpeg\" \/>\n<meta name=\"twitter:card\" content=\"summary_large_image\" \/>\n<script type=\"application\/ld+json\" class=\"yoast-schema-graph\">{\"@context\":\"https:\/\/schema.org\",\"@graph\":[{\"@type\":\"WebPage\",\"@id\":\"https:\/\/arosbusinessacademy.dk\/konsulentydelser\/vores-team\/\",\"url\":\"https:\/\/arosbusinessacademy.dk\/konsulentydelser\/vores-team\/\",\"name\":\"Vores team - Aros Business Academy \/ Konsulentydelser\",\"isPartOf\":{\"@id\":\"https:\/\/arosbusinessacademy.dk\/konsulentydelser\/#website\"},\"primaryImageOfPage\":{\"@id\":\"https:\/\/arosbusinessacademy.dk\/konsulentydelser\/vores-team\/#primaryimage\"},\"image\":{\"@id\":\"https:\/\/arosbusinessacademy.dk\/konsulentydelser\/vores-team\/#primaryimage\"},\"thumbnailUrl\":\"https:\/\/arosbusinessacademy.dk\/konsulentydelser\/wp-content\/uploads\/2020\/06\/team.jpeg\",\"datePublished\":\"2020-06-04T17:50:58+00:00\",\"dateModified\":\"2021-09-01T13:29:28+00:00\",\"breadcrumb\":{\"@id\":\"https:\/\/arosbusinessacademy.dk\/konsulentydelser\/vores-team\/#breadcrumb\"},\"inLanguage\":\"en-US\",\"potentialAction\":[{\"@type\":\"ReadAction\",\"target\":[\"https:\/\/arosbusinessacademy.dk\/konsulentydelser\/vores-team\/\"]}]},{\"@type\":\"ImageObject\",\"inLanguage\":\"en-US\",\"@id\":\"https:\/\/arosbusinessacademy.dk\/konsulentydelser\/vores-team\/#primaryimage\",\"url\":\"https:\/\/arosbusinessacademy.dk\/konsulentydelser\/wp-content\/uploads\/2020\/06\/team.jpeg\",\"contentUrl\":\"https:\/\/arosbusinessacademy.dk\/konsulentydelser\/wp-content\/uploads\/2020\/06\/team.jpeg\",\"width\":2000,\"height\":1334},{\"@type\":\"BreadcrumbList\",\"@id\":\"https:\/\/arosbusinessacademy.dk\/konsulentydelser\/vores-team\/#breadcrumb\",\"itemListElement\":[{\"@type\":\"ListItem\",\"position\":1,\"name\":\"Home\",\"item\":\"https:\/\/arosbusinessacademy.dk\/konsulentydelser\/\"},{\"@type\":\"ListItem\",\"position\":2,\"name\":\"Vores team\"}]},{\"@type\":\"WebSite\",\"@id\":\"https:\/\/arosbusinessacademy.dk\/konsulentydelser\/#website\",\"url\":\"https:\/\/arosbusinessacademy.dk\/konsulentydelser\/\",\"name\":\"Aros Business Academy \/ Konsulentydelser\",\"description\":\"\",\"potentialAction\":[{\"@type\":\"SearchAction\",\"target\":{\"@type\":\"EntryPoint\",\"urlTemplate\":\"https:\/\/arosbusinessacademy.dk\/konsulentydelser\/?s={search_term_string}\"},\"query-input\":{\"@type\":\"PropertyValueSpecification\",\"valueRequired\":true,\"valueName\":\"search_term_string\"}}],\"inLanguage\":\"en-US\"}]}<\/script>\n<!-- \/ Yoast SEO plugin. -->","yoast_head_json":{"title":"Vores team - Aros Business Academy \/ Konsulentydelser","robots":{"index":"index","follow":"follow","max-snippet":"max-snippet:-1","max-image-preview":"max-image-preview:large","max-video-preview":"max-video-preview:-1"},"canonical":"https:\/\/arosbusinessacademy.dk\/konsulentydelser\/vores-team\/","og_locale":"en_US","og_type":"article","og_title":"Vores team - Aros Business Academy \/ Konsulentydelser","og_description":"Alle vores changemakers er senior advisors I vores consulting team har vi vendt den klassiske konsulentpyramide p\u00e5 hovedet.Vi spiser dig med andre ord ikke af med et indledende og afsluttende m\u00f8demed senior advisors og partnere, hvorefter en h\u00e6r af nyuddannedejuniorkonsulenter og studenterhj\u00e6lpere klarer \u00e6rterne.Vi ans\u00e6tter kun seniorkonsulenter.\u00a0S\u00e5 enkelt er det. I m\u00e5 n\u00f8jesmed benh\u00e5rd\u200berfaring\u200b. Interesseret &hellip;","og_url":"https:\/\/arosbusinessacademy.dk\/konsulentydelser\/vores-team\/","og_site_name":"Aros Business Academy \/ Konsulentydelser","article_modified_time":"2021-09-01T13:29:28+00:00","og_image":[{"url":"https:\/\/arosbusinessacademy.dk\/konsulentydelser\/wp-content\/uploads\/2020\/06\/team.jpeg","type":"","width":"","height":""}],"twitter_card":"summary_large_image","schema":{"@context":"https:\/\/schema.org","@graph":[{"@type":"WebPage","@id":"https:\/\/arosbusinessacademy.dk\/konsulentydelser\/vores-team\/","url":"https:\/\/arosbusinessacademy.dk\/konsulentydelser\/vores-team\/","name":"Vores team - Aros Business Academy \/ Konsulentydelser","isPartOf":{"@id":"https:\/\/arosbusinessacademy.dk\/konsulentydelser\/#website"},"primaryImageOfPage":{"@id":"https:\/\/arosbusinessacademy.dk\/konsulentydelser\/vores-team\/#primaryimage"},"image":{"@id":"https:\/\/arosbusinessacademy.dk\/konsulentydelser\/vores-team\/#primaryimage"},"thumbnailUrl":"https:\/\/arosbusinessacademy.dk\/konsulentydelser\/wp-content\/uploads\/2020\/06\/team.jpeg","datePublished":"2020-06-04T17:50:58+00:00","dateModified":"2021-09-01T13:29:28+00:00","breadcrumb":{"@id":"https:\/\/arosbusinessacademy.dk\/konsulentydelser\/vores-team\/#breadcrumb"},"inLanguage":"en-US","potentialAction":[{"@type":"ReadAction","target":["https:\/\/arosbusinessacademy.dk\/konsulentydelser\/vores-team\/"]}]},{"@type":"ImageObject","inLanguage":"en-US","@id":"https:\/\/arosbusinessacademy.dk\/konsulentydelser\/vores-team\/#primaryimage","url":"https:\/\/arosbusinessacademy.dk\/konsulentydelser\/wp-content\/uploads\/2020\/06\/team.jpeg","contentUrl":"https:\/\/arosbusinessacademy.dk\/konsulentydelser\/wp-content\/uploads\/2020\/06\/team.jpeg","width":2000,"height":1334},{"@type":"BreadcrumbList","@id":"https:\/\/arosbusinessacademy.dk\/konsulentydelser\/vores-team\/#breadcrumb","itemListElement":[{"@type":"ListItem","position":1,"name":"Home","item":"https:\/\/arosbusinessacademy.dk\/konsulentydelser\/"},{"@type":"ListItem","position":2,"name":"Vores team"}]},{"@type":"WebSite","@id":"https:\/\/arosbusinessacademy.dk\/konsulentydelser\/#website","url":"https:\/\/arosbusinessacademy.dk\/konsulentydelser\/","name":"Aros Business Academy \/ Konsulentydelser","description":"","potentialAction":[{"@type":"SearchAction","target":{"@type":"EntryPoint","urlTemplate":"https:\/\/arosbusinessacademy.dk\/konsulentydelser\/?s={search_term_string}"},"query-input":{"@type":"PropertyValueSpecification","valueRequired":true,"valueName":"search_term_string"}}],"inLanguage":"en-US"}]}},"featured_image_src":null,"featured_image_src_square":null,"_links":{"self":[{"href":"https:\/\/arosbusinessacademy.dk\/konsulentydelser\/wp-json\/wp\/v2\/pages\/60","targetHints":{"allow":["GET"]}}],"collection":[{"href":"https:\/\/arosbusinessacademy.dk\/konsulentydelser\/wp-json\/wp\/v2\/pages"}],"about":[{"href":"https:\/\/arosbusinessacademy.dk\/konsulentydelser\/wp-json\/wp\/v2\/types\/page"}],"author":[{"embeddable":true,"href":"https:\/\/arosbusinessacademy.dk\/konsulentydelser\/wp-json\/wp\/v2\/users\/1"}],"replies":[{"embeddable":true,"href":"https:\/\/arosbusinessacademy.dk\/konsulentydelser\/wp-json\/wp\/v2\/comments?post=60"}],"version-history":[{"count":38,"href":"https:\/\/arosbusinessacademy.dk\/konsulentydelser\/wp-json\/wp\/v2\/pages\/60\/revisions"}],"predecessor-version":[{"id":1029,"href":"https:\/\/arosbusinessacademy.dk\/konsulentydelser\/wp-json\/wp\/v2\/pages\/60\/revisions\/1029"}],"wp:attachment":[{"href":"https:\/\/arosbusinessacademy.dk\/konsulentydelser\/wp-json\/wp\/v2\/media?parent=60"}],"curies":[{"name":"wp","href":"https:\/\/api.w.org\/{rel}","templated":true}]}}