{"id":58,"date":"2020-06-04T17:50:30","date_gmt":"2020-06-04T17:50:30","guid":{"rendered":"https:\/\/arosbusinessacademy.dk\/konsulentydelser\/?page_id=58"},"modified":"2025-05-08T12:21:07","modified_gmt":"2025-05-08T12:21:07","slug":"vi-tilbyder","status":"publish","type":"page","link":"https:\/\/arosbusinessacademy.dk\/konsulentydelser\/vi-tilbyder\/","title":{"rendered":"Vi tilbyder"},"content":{"rendered":"\n<div style=\"background-color:#0b0b0b;padding-bottom:8%;padding-top:10%;margin-bottom:5%\" class=\"wp-block-atomic-blocks-ab-container alignfull ab-layout-hero-1 ab-block-container alignfull\"><div class=\"ab-container-inside\"><div class=\"ab-container-image-wrap\"><img decoding=\"async\" class=\"ab-container-image has-background-dim-100 has-background-dim\" src=\"https:\/\/arosbusinessacademy.dk\/konsulentydelser\/wp-content\/uploads\/2020\/06\/1174867273.jpeg\" alt=\"\"\/><\/div><div class=\"ab-container-content\" style=\"max-width:1200px\">\n<h1 class=\"has-text-align-left font-body ab-white-text font-xxl wp-block-heading\"><strong>vi tilbyder.&nbsp;<\/strong><\/h1>\n\n\n\n<p style=\"color:#ffffff\" class=\"has-text-color has-text-align-left font-headline font-weight-400\">7 hands-on konsulentydelser, der hj\u00e6lper jer til at arbejde mere strategisk og forretningsdrevet med jeres kompetenceudvikling.<\/p>\n\n\n\n<div style=\"text-align:left\" class=\"wp-block-atomic-blocks-ab-button button-white mb-0 ab-block-button\"><a href=\"https:\/\/arosbusinessacademy.dk\/konsulentydelser\/tag-fat-i-os\/\" class=\"ab-button ab-button-shape-square ab-button-size-small\" style=\"color:#000000;background-color:#ffffff\">klik her og fort\u00e6l os, hvad I gerne vil have hj\u00e6lp til<\/a><\/div>\n\n\n\n<p><\/p>\n<\/div><\/div><\/div>\n\n\n\n<div class=\"wp-block-atomic-blocks-ab-container ab-block-container\"><div class=\"ab-container-inside\"><div class=\"ab-container-content\">\n<div class=\"wp-block-atomic-blocks-ab-columns ab-layout-columns-2 ab-2-col-equal\" style=\"margin-bottom:40px\"><div class=\"ab-layout-column-wrap ab-block-layout-column-gap-6 ab-is-responsive-column\">\n<div class=\"wp-block-atomic-blocks-ab-column ab-block-layout-column\"><div class=\"ab-block-layout-column-inner\">\n<div class=\"wp-block-cover has-background-dim\" style=\"background-color:#1d2c38\"><div class=\"wp-block-cover__inner-container is-layout-flow wp-block-cover-is-layout-flow\">\n<h3 class=\"has-text-color wp-block-heading\" style=\"color:#ffffff\">1. Competence Mapping &amp; <br>GAP-analyse<\/h3>\n\n\n\n<p class=\"has-normal-font-size\">Halvdelen af jeres udgifter til kompetenceudvikling er sandsynligvis spildt, men ved I hvilken halvdel? F\u00e5 viden om, hvor I helt konkret kan skabe v\u00e6rdi for organisationen via kompetenceudvikling. F\u00e5 viden om, hvilke kompetencer medarbejderne reelt har (fordelt p\u00e5 jobprofiler). Og f\u00e5 viden om, hvilke kompetencer, der vil hj\u00e6lpe organisationen med at n\u00e5 de strategiske m\u00e5l for fremtiden hurtigere. <\/p>\n\n\n\n<div class=\"wp-block-atomic-blocks-ab-button ab-block-button\"><a href=\"https:\/\/arosbusinessacademy.dk\/konsulentydelser\/competence-mapping\/\" class=\"ab-button ab-button-shape-rounded ab-button-size-small\" style=\"color:#313131;background-color:#ffffff\">L\u00e6s mere<\/a><\/div>\n\n\n\n<p><\/p>\n<\/div><\/div>\n\n\n\n<div style=\"height:20px\" aria-hidden=\"true\" class=\"wp-block-spacer\"><\/div>\n\n\n\n<div class=\"wp-block-cover has-background-dim\" style=\"background-color:#428dbc;min-height:276px;aspect-ratio:unset;\"><div class=\"wp-block-cover__inner-container is-layout-flow wp-block-cover-is-layout-flow\">\n<h3 class=\"has-text-color wp-block-heading\" style=\"color:#ffffff\">3. Outsourcing af kursusadministration<\/h3>\n\n\n\n<p class=\"has-normal-font-size\">Brug kr\u00e6fterne p\u00e5 det, I g\u00f8r bedst. Og lad os g\u00f8re det samme. Vi har effektivt administreret tusindevis af kurser gennem de sidste to \u00e5rtier, og vi kan ogs\u00e5 hj\u00e6lpe jer!<\/p>\n<\/div><\/div>\n\n\n\n<div style=\"height:24px\" aria-hidden=\"true\" class=\"wp-block-spacer\"><\/div>\n\n\n\n<div class=\"wp-block-cover has-background-dim\" style=\"background-color:#1d2c38;min-height:279px;aspect-ratio:unset;\"><div class=\"wp-block-cover__inner-container is-layout-flow wp-block-cover-is-layout-flow\">\n<h3 class=\"has-text-color wp-block-heading\" style=\"color:#ffffff\">5. Udvikling af digitale l\u00e6ringsforl\u00f8b<\/h3>\n\n\n\n<p class=\"has-normal-font-size\">Vi designer og udvikler jeres unikke digitale l\u00e6ringsforl\u00f8b, hvad enten det handler om e-learning, virtuel l\u00e6ring eller MOOCs (Massive Open Online Courses).&nbsp;<\/p>\n<\/div><\/div>\n\n\n\n<div style=\"height:23px\" aria-hidden=\"true\" class=\"wp-block-spacer\"><\/div>\n\n\n\n<div class=\"wp-block-cover has-background-dim\" style=\"background-color:#255b87;min-height:318px;aspect-ratio:unset;\"><div class=\"wp-block-cover__inner-container is-layout-flow wp-block-cover-is-layout-flow\">\n<p><\/p>\n\n\n\n<h3 class=\"wp-block-heading\">7. Udvikling af karriereforl\u00f8b<\/h3>\n\n\n\n<p class=\"has-normal-font-size\">Overvejer I at designe og udvikle karriereforl\u00f8b for hele for arbejdspladsen (eller for en s\u00e6rlig afdeling)? S\u00e5danne forl\u00f8b giver retning for medarbejderne og motiverer dem til at styrke deres kompetencer og n\u00e5 de n\u00e6ste trin. Vi hj\u00e6lper jer til at udvikle forl\u00f8bene og styrer jer uden om alle faldgruberne.<\/p>\n<\/div><\/div>\n\n\n\n<div style=\"height:32px\" aria-hidden=\"true\" class=\"wp-block-spacer\"><\/div>\n<\/div><\/div>\n\n\n\n<div class=\"wp-block-atomic-blocks-ab-column ab-block-layout-column\"><div class=\"ab-block-layout-column-inner\">\n<div class=\"wp-block-cover has-background-dim\" style=\"background-color:#428dbc;min-height:309px;aspect-ratio:unset;\"><div class=\"wp-block-cover__inner-container is-layout-flow wp-block-cover-is-layout-flow\">\n<h3 class=\"has-text-color wp-block-heading\" style=\"color:#ffffff\">2. Udvikling af st\u00e6rk l\u00e6ringskultur p\u00e5 arbejdspladsen<\/h3>\n\n\n\n<p class=\"has-normal-font-size\">Vi analyserer og vurderer jeres nuv\u00e6rende l\u00e6ringskultur, hj\u00e6lper jer til at formulere en strategi, udvikler en handleplan og guide til lederne \u2013 og tr\u00e6ner lederne (via e-learning) i at f\u00e5 det hele til at leve i dagligdagen.<\/p>\n\n\n\n<div class=\"wp-block-atomic-blocks-ab-button ab-block-button\"><a href=\"https:\/\/arosbusinessacademy.dk\/konsulentydelser\/fa-en-staerk-laeringskultur\/\" class=\"ab-button ab-button-shape-rounded ab-button-size-small\" style=\"color:#313131;background-color:#ffffff\">L\u00e6s mere<\/a><\/div>\n<\/div><\/div>\n\n\n\n<div style=\"height:20px\" aria-hidden=\"true\" class=\"wp-block-spacer\"><\/div>\n\n\n\n<div class=\"wp-block-cover has-background-dim\" style=\"background-color:#1d2c38;min-height:347px;aspect-ratio:unset;\"><div class=\"wp-block-cover__inner-container is-layout-flow wp-block-cover-is-layout-flow\">\n<h3 class=\"has-text-color wp-block-heading\" style=\"color:#ffffff\">4. Effektivisering af kursusadministration<\/h3>\n\n\n\n<p class=\"has-normal-font-size\">Mange HR-medarbejdere bruger for meget tid p\u00e5 HR-administration. Vi foretager en analyse af jeres kursusadministration og hj\u00e6lper jer til at digitalisere og effektivisere den med henblik p\u00e5 at frigive ressourcer til mere v\u00e6rdiskabende HR-arbejdsopgaver.<\/p>\n<\/div><\/div>\n\n\n\n<div style=\"height:20px\" aria-hidden=\"true\" class=\"wp-block-spacer\"><\/div>\n\n\n\n<div class=\"wp-block-cover has-background-dim\" style=\"background-color:#428dbc;min-height:358px;aspect-ratio:unset;\"><div class=\"wp-block-cover__inner-container is-layout-flow wp-block-cover-is-layout-flow\">\n<h3 class=\"has-text-color wp-block-heading\" style=\"color:#ffffff\">6. Effektiv digitalisering af onboardingforl\u00f8b<\/h3>\n\n\n\n<p><\/p>\n\n\n\n<p class=\"has-normal-font-size\">Som ny medarbejder er der meget, der skal l\u00e6res, og det er helt afg\u00f8rende for den nye medarbejders fastholdelse i stillingen &#8211; og for jeres organisation &#8211; at opl\u00e6ringen er effektiv, smidig og korrekt. Opl\u00e6ringen kr\u00e6ver samtidig store ressourcer fra de &#8216;gamle&#8217; medarbejdere. S\u00e5 hvad med, at vi s\u00e6tter str\u00f8m til opl\u00e6ringen i jeres organisation?<\/p>\n<\/div><\/div>\n\n\n\n<div style=\"height:23px\" aria-hidden=\"true\" class=\"wp-block-spacer\"><\/div>\n\n\n\n<div class=\"wp-block-cover has-background-dim\" style=\"background-color:#1d2c38;min-height:279px;aspect-ratio:unset;\"><div class=\"wp-block-cover__inner-container is-layout-flow wp-block-cover-is-layout-flow\">\n<h3 class=\"has-text-color wp-block-heading\" style=\"color:#ffffff\">8. Sparring med ledelsen og HR med henblik p\u00e5 strategisk kompetenceudvikling<\/h3>\n\n\n\n<p class=\"has-normal-font-size\">Vi r\u00e5dgiver og giver sparring med HR-chefer, HR-medarbejdere og organisationers topledelser med henblik p\u00e5 at arbejde mere strategisk med organisationens kompetenceudvikling.<\/p>\n<\/div><\/div>\n\n\n\n<div style=\"height:20px\" aria-hidden=\"true\" class=\"wp-block-spacer\"><\/div>\n\n\n\n<div class=\"wp-block-cover has-very-light-gray-background-color has-background-dim\" style=\"min-height:170px;aspect-ratio:unset;\"><div class=\"wp-block-cover__inner-container is-layout-flow wp-block-cover-is-layout-flow\">\n<h3 class=\"has-very-dark-gray-color has-text-color wp-block-heading\"><span style=\"color:#000000\" class=\"has-inline-color\">L\u00e6s ogs\u00e5 om vores<a href=\"https:\/\/arosbusinessacademy.dk\/konsulentydelser\/quickguides\/\"> inspirationsopl\u00e6g<\/a><\/span> og om vores mindste konsulentydelse, <a href=\"https:\/\/arosbusinessacademy.dk\/konsulentydelser\/vurdering\/\">assessment<\/a><\/h3>\n<\/div><\/div>\n\n\n\n<hr class=\"wp-block-separator\"\/>\n\n\n\n<h2 class=\"has-text-align-left wp-block-heading\"><em>Skal vi tage en snak?<\/em><\/h2>\n\n\n\n<p><\/p>\n\n\n\n<p class=\"has-text-align-left has-normal-font-size\">Giv os et helt uforpligtende kald, og fort\u00e6l lidt om jer og jeres situation. S\u00e5 tager vi den stille og roligt derfra. Ring til Anders Rosenlund p\u00e5 <strong>tlf. <a href=\"tel:\">70 278 279<\/a><\/strong>.  <\/p>\n\n\n\n<figure class=\"wp-block-image size-large is-resized\"><img loading=\"lazy\" decoding=\"async\" src=\"https:\/\/arosbusinessacademy.dk\/konsulentydelser\/wp-content\/uploads\/2021\/03\/Anders-Rosenlund-juni-2016-1-1024x753.jpg\" alt=\"\" class=\"wp-image-866\" width=\"269\" height=\"197\" srcset=\"https:\/\/arosbusinessacademy.dk\/konsulentydelser\/wp-content\/uploads\/2021\/03\/Anders-Rosenlund-juni-2016-1-1024x753.jpg 1024w, https:\/\/arosbusinessacademy.dk\/konsulentydelser\/wp-content\/uploads\/2021\/03\/Anders-Rosenlund-juni-2016-1-300x220.jpg 300w, https:\/\/arosbusinessacademy.dk\/konsulentydelser\/wp-content\/uploads\/2021\/03\/Anders-Rosenlund-juni-2016-1-768x564.jpg 768w, https:\/\/arosbusinessacademy.dk\/konsulentydelser\/wp-content\/uploads\/2021\/03\/Anders-Rosenlund-juni-2016-1-1536x1129.jpg 1536w, https:\/\/arosbusinessacademy.dk\/konsulentydelser\/wp-content\/uploads\/2021\/03\/Anders-Rosenlund-juni-2016-1-1200x882.jpg 1200w, https:\/\/arosbusinessacademy.dk\/konsulentydelser\/wp-content\/uploads\/2021\/03\/Anders-Rosenlund-juni-2016-1-1400x1029.jpg 1400w, https:\/\/arosbusinessacademy.dk\/konsulentydelser\/wp-content\/uploads\/2021\/03\/Anders-Rosenlund-juni-2016-1.jpg 1920w\" sizes=\"auto, (max-width: 269px) 100vw, 269px\" \/><\/figure>\n\n\n\n<p><\/p>\n<\/div><\/div>\n<\/div><\/div>\n\n\n\n<div class=\"wp-block-atomic-blocks-ab-container ab-block-container\"><div class=\"ab-container-inside\"><div class=\"ab-container-content\"><\/div><\/div><\/div>\n\n\n\n<p><\/p>\n<\/div><\/div><\/div>\n\n\n","protected":false},"excerpt":{"rendered":"","protected":false},"author":1,"featured_media":0,"parent":0,"menu_order":0,"comment_status":"closed","ping_status":"closed","template":"","meta":{"footnotes":""},"class_list":["post-58","page","type-page","status-publish","hentry","post","without-featured-image"],"yoast_head":"<!-- This site is optimized with the Yoast SEO plugin v25.7 - https:\/\/yoast.com\/wordpress\/plugins\/seo\/ -->\n<title>Vi tilbyder - Aros Business Academy \/ Konsulentydelser<\/title>\n<meta name=\"robots\" content=\"index, follow, max-snippet:-1, max-image-preview:large, max-video-preview:-1\" \/>\n<link rel=\"canonical\" href=\"https:\/\/arosbusinessacademy.dk\/konsulentydelser\/vi-tilbyder\/\" \/>\n<meta property=\"og:locale\" content=\"en_US\" \/>\n<meta property=\"og:type\" content=\"article\" \/>\n<meta property=\"og:title\" content=\"Vi tilbyder - Aros Business Academy \/ Konsulentydelser\" \/>\n<meta property=\"og:url\" content=\"https:\/\/arosbusinessacademy.dk\/konsulentydelser\/vi-tilbyder\/\" \/>\n<meta property=\"og:site_name\" content=\"Aros Business Academy \/ Konsulentydelser\" \/>\n<meta property=\"article:modified_time\" content=\"2025-05-08T12:21:07+00:00\" \/>\n<meta property=\"og:image\" content=\"https:\/\/arosbusinessacademy.dk\/konsulentydelser\/wp-content\/uploads\/2020\/06\/1174867273.jpeg\" \/>\n<meta name=\"twitter:card\" content=\"summary_large_image\" \/>\n<meta name=\"twitter:label1\" content=\"Est. reading time\" \/>\n\t<meta name=\"twitter:data1\" content=\"2 minutes\" \/>\n<script type=\"application\/ld+json\" class=\"yoast-schema-graph\">{\"@context\":\"https:\/\/schema.org\",\"@graph\":[{\"@type\":\"WebPage\",\"@id\":\"https:\/\/arosbusinessacademy.dk\/konsulentydelser\/vi-tilbyder\/\",\"url\":\"https:\/\/arosbusinessacademy.dk\/konsulentydelser\/vi-tilbyder\/\",\"name\":\"Vi tilbyder - Aros Business Academy \/ Konsulentydelser\",\"isPartOf\":{\"@id\":\"https:\/\/arosbusinessacademy.dk\/konsulentydelser\/#website\"},\"primaryImageOfPage\":{\"@id\":\"https:\/\/arosbusinessacademy.dk\/konsulentydelser\/vi-tilbyder\/#primaryimage\"},\"image\":{\"@id\":\"https:\/\/arosbusinessacademy.dk\/konsulentydelser\/vi-tilbyder\/#primaryimage\"},\"thumbnailUrl\":\"https:\/\/arosbusinessacademy.dk\/konsulentydelser\/wp-content\/uploads\/2020\/06\/1174867273.jpeg\",\"datePublished\":\"2020-06-04T17:50:30+00:00\",\"dateModified\":\"2025-05-08T12:21:07+00:00\",\"breadcrumb\":{\"@id\":\"https:\/\/arosbusinessacademy.dk\/konsulentydelser\/vi-tilbyder\/#breadcrumb\"},\"inLanguage\":\"en-US\",\"potentialAction\":[{\"@type\":\"ReadAction\",\"target\":[\"https:\/\/arosbusinessacademy.dk\/konsulentydelser\/vi-tilbyder\/\"]}]},{\"@type\":\"ImageObject\",\"inLanguage\":\"en-US\",\"@id\":\"https:\/\/arosbusinessacademy.dk\/konsulentydelser\/vi-tilbyder\/#primaryimage\",\"url\":\"https:\/\/arosbusinessacademy.dk\/konsulentydelser\/wp-content\/uploads\/2020\/06\/1174867273.jpeg\",\"contentUrl\":\"https:\/\/arosbusinessacademy.dk\/konsulentydelser\/wp-content\/uploads\/2020\/06\/1174867273.jpeg\",\"width\":1940,\"height\":1551},{\"@type\":\"BreadcrumbList\",\"@id\":\"https:\/\/arosbusinessacademy.dk\/konsulentydelser\/vi-tilbyder\/#breadcrumb\",\"itemListElement\":[{\"@type\":\"ListItem\",\"position\":1,\"name\":\"Home\",\"item\":\"https:\/\/arosbusinessacademy.dk\/konsulentydelser\/\"},{\"@type\":\"ListItem\",\"position\":2,\"name\":\"Vi tilbyder\"}]},{\"@type\":\"WebSite\",\"@id\":\"https:\/\/arosbusinessacademy.dk\/konsulentydelser\/#website\",\"url\":\"https:\/\/arosbusinessacademy.dk\/konsulentydelser\/\",\"name\":\"Aros Business Academy \/ Konsulentydelser\",\"description\":\"\",\"potentialAction\":[{\"@type\":\"SearchAction\",\"target\":{\"@type\":\"EntryPoint\",\"urlTemplate\":\"https:\/\/arosbusinessacademy.dk\/konsulentydelser\/?s={search_term_string}\"},\"query-input\":{\"@type\":\"PropertyValueSpecification\",\"valueRequired\":true,\"valueName\":\"search_term_string\"}}],\"inLanguage\":\"en-US\"}]}<\/script>\n<!-- \/ Yoast SEO plugin. -->","yoast_head_json":{"title":"Vi tilbyder - Aros Business Academy \/ Konsulentydelser","robots":{"index":"index","follow":"follow","max-snippet":"max-snippet:-1","max-image-preview":"max-image-preview:large","max-video-preview":"max-video-preview:-1"},"canonical":"https:\/\/arosbusinessacademy.dk\/konsulentydelser\/vi-tilbyder\/","og_locale":"en_US","og_type":"article","og_title":"Vi tilbyder - Aros Business Academy \/ Konsulentydelser","og_url":"https:\/\/arosbusinessacademy.dk\/konsulentydelser\/vi-tilbyder\/","og_site_name":"Aros Business Academy \/ Konsulentydelser","article_modified_time":"2025-05-08T12:21:07+00:00","og_image":[{"url":"https:\/\/arosbusinessacademy.dk\/konsulentydelser\/wp-content\/uploads\/2020\/06\/1174867273.jpeg","type":"","width":"","height":""}],"twitter_card":"summary_large_image","twitter_misc":{"Est. reading time":"2 minutes"},"schema":{"@context":"https:\/\/schema.org","@graph":[{"@type":"WebPage","@id":"https:\/\/arosbusinessacademy.dk\/konsulentydelser\/vi-tilbyder\/","url":"https:\/\/arosbusinessacademy.dk\/konsulentydelser\/vi-tilbyder\/","name":"Vi tilbyder - Aros Business Academy \/ Konsulentydelser","isPartOf":{"@id":"https:\/\/arosbusinessacademy.dk\/konsulentydelser\/#website"},"primaryImageOfPage":{"@id":"https:\/\/arosbusinessacademy.dk\/konsulentydelser\/vi-tilbyder\/#primaryimage"},"image":{"@id":"https:\/\/arosbusinessacademy.dk\/konsulentydelser\/vi-tilbyder\/#primaryimage"},"thumbnailUrl":"https:\/\/arosbusinessacademy.dk\/konsulentydelser\/wp-content\/uploads\/2020\/06\/1174867273.jpeg","datePublished":"2020-06-04T17:50:30+00:00","dateModified":"2025-05-08T12:21:07+00:00","breadcrumb":{"@id":"https:\/\/arosbusinessacademy.dk\/konsulentydelser\/vi-tilbyder\/#breadcrumb"},"inLanguage":"en-US","potentialAction":[{"@type":"ReadAction","target":["https:\/\/arosbusinessacademy.dk\/konsulentydelser\/vi-tilbyder\/"]}]},{"@type":"ImageObject","inLanguage":"en-US","@id":"https:\/\/arosbusinessacademy.dk\/konsulentydelser\/vi-tilbyder\/#primaryimage","url":"https:\/\/arosbusinessacademy.dk\/konsulentydelser\/wp-content\/uploads\/2020\/06\/1174867273.jpeg","contentUrl":"https:\/\/arosbusinessacademy.dk\/konsulentydelser\/wp-content\/uploads\/2020\/06\/1174867273.jpeg","width":1940,"height":1551},{"@type":"BreadcrumbList","@id":"https:\/\/arosbusinessacademy.dk\/konsulentydelser\/vi-tilbyder\/#breadcrumb","itemListElement":[{"@type":"ListItem","position":1,"name":"Home","item":"https:\/\/arosbusinessacademy.dk\/konsulentydelser\/"},{"@type":"ListItem","position":2,"name":"Vi tilbyder"}]},{"@type":"WebSite","@id":"https:\/\/arosbusinessacademy.dk\/konsulentydelser\/#website","url":"https:\/\/arosbusinessacademy.dk\/konsulentydelser\/","name":"Aros Business Academy \/ Konsulentydelser","description":"","potentialAction":[{"@type":"SearchAction","target":{"@type":"EntryPoint","urlTemplate":"https:\/\/arosbusinessacademy.dk\/konsulentydelser\/?s={search_term_string}"},"query-input":{"@type":"PropertyValueSpecification","valueRequired":true,"valueName":"search_term_string"}}],"inLanguage":"en-US"}]}},"featured_image_src":null,"featured_image_src_square":null,"_links":{"self":[{"href":"https:\/\/arosbusinessacademy.dk\/konsulentydelser\/wp-json\/wp\/v2\/pages\/58","targetHints":{"allow":["GET"]}}],"collection":[{"href":"https:\/\/arosbusinessacademy.dk\/konsulentydelser\/wp-json\/wp\/v2\/pages"}],"about":[{"href":"https:\/\/arosbusinessacademy.dk\/konsulentydelser\/wp-json\/wp\/v2\/types\/page"}],"author":[{"embeddable":true,"href":"https:\/\/arosbusinessacademy.dk\/konsulentydelser\/wp-json\/wp\/v2\/users\/1"}],"replies":[{"embeddable":true,"href":"https:\/\/arosbusinessacademy.dk\/konsulentydelser\/wp-json\/wp\/v2\/comments?post=58"}],"version-history":[{"count":158,"href":"https:\/\/arosbusinessacademy.dk\/konsulentydelser\/wp-json\/wp\/v2\/pages\/58\/revisions"}],"predecessor-version":[{"id":1215,"href":"https:\/\/arosbusinessacademy.dk\/konsulentydelser\/wp-json\/wp\/v2\/pages\/58\/revisions\/1215"}],"wp:attachment":[{"href":"https:\/\/arosbusinessacademy.dk\/konsulentydelser\/wp-json\/wp\/v2\/media?parent=58"}],"curies":[{"name":"wp","href":"https:\/\/api.w.org\/{rel}","templated":true}]}}