{"id":12,"date":"2020-06-04T17:09:41","date_gmt":"2020-06-04T17:09:41","guid":{"rendered":"https:\/\/arosbusinessacademy.dk\/konsulentydelser\/?page_id=12"},"modified":"2022-11-16T10:25:00","modified_gmt":"2022-11-16T10:25:00","slug":"konsulentydelser","status":"publish","type":"page","link":"https:\/\/arosbusinessacademy.dk\/konsulentydelser\/","title":{"rendered":"Home"},"content":{"rendered":"\n<div style=\"background-color:#0b0b0b;padding-bottom:13%;padding-top:17%;margin-bottom:5%\" class=\"wp-block-atomic-blocks-ab-container alignfull ab-layout-hero-1 ab-block-container alignfull\"><div class=\"ab-container-inside\"><div class=\"ab-container-image-wrap\"><img decoding=\"async\" class=\"ab-container-image has-background-dim-100 has-background-dim\" src=\"https:\/\/arosbusinessacademy.dk\/konsulentydelser\/wp-content\/uploads\/2020\/06\/2005789006.jpeg\" alt=\"\"\/><\/div><div class=\"ab-container-content\" style=\"max-width:1200px\">\n<h1 class=\"has-text-align-left ab-white-text font-size-48 wp-block-heading\"><strong>Konsulentbistand inden for <\/strong><br><strong>Learning &amp; Development<\/strong><\/h1>\n\n\n\n<p style=\"color:#ffffff\" class=\"has-text-color has-text-align-left font-headline font-weight-400\">Vi er IMPACT-fokuserede. S\u00e5 er du advaret!<\/p>\n\n\n\n<div style=\"text-align:left\" class=\"wp-block-atomic-blocks-ab-button button-white mb-0 ab-block-button\"><a href=\"https:\/\/arosbusinessacademy.dk\/konsulentydelser\/tag-fat-i-os\/\" class=\"ab-button ab-button-shape-square ab-button-size-small\" style=\"color:#000000;background-color:#ffffff\">Beskriv jeres udfordring her<\/a><\/div>\n\n\n\n<p><\/p>\n<\/div><\/div><\/div>\n\n\n\n<p style=\"font-size:32px\" class=\"has-text-align-center font-headline max-width-780 mb-4\"><em>&#8220;Efteruddannelse af medarbejdere skal skabe <strong>organisatorisk v\u00e6rdi<\/strong>. Hvis ikke, er midlerne bedre brugt p\u00e5 Tivoli-ture og fede firmafester&#8221;<\/em><\/p>\n\n\n\n<p class=\"has-text-align-center has-normal-font-size font-headline\">&#8211; Anders Rosenlund, uddannelseschef, Aros Business Academy.<\/p>\n\n\n\n<div style=\"color:#ddd\" class=\"wp-block-atomic-blocks-ab-spacer ab-block-spacer ab-divider-solid ab-spacer-divider ab-divider-size-1\"><hr style=\"height:30px\"\/><\/div>\n\n\n\n<div style=\"color:#ddd\" class=\"wp-block-atomic-blocks-ab-spacer ab-block-spacer ab-divider-solid ab-divider-size-1\"><hr style=\"height:2px\"\/><\/div>\n\n\n\n<h1 class=\"font-headline wp-block-heading\">Transform\u00e9r jeres strategiske kompetenceudvikling!<\/h1>\n\n\n\n<div class=\"wp-block-atomic-blocks-ab-columns ab-layout-service-4 ab-layout-columns-2 ab-2-col-equal ab-columns-center alignfull\" style=\"padding-top:2%;padding-right:5%;padding-left:5%\"><div class=\"ab-layout-column-wrap ab-block-layout-column-gap-6 ab-is-responsive-column\" style=\"max-width:1200px\">\n<div class=\"wp-block-atomic-blocks-ab-column ab-block-layout-column\"><div class=\"ab-block-layout-column-inner\">\n<p class=\"has-normal-font-size\"><strong>Hvis I betragter kompetenceudvikling som en udgift, st\u00e5r I over for en sp\u00e6ndende transformation. Den transformation kan vi hj\u00e6lpe jer med<\/strong>.<\/p>\n\n\n\n<p class=\"has-normal-font-size\">Vi hj\u00e6lper jer til at arbejde langt mere strategisk og forretningsdrevet inden for efteruddannelsen af medarbejderne. Og vi hj\u00e6lper jer til ikke at spilde penge p\u00e5 efteruddannelse, der ikke giver udbytte.  <\/p>\n\n\n\n<div style=\"text-align:left\" class=\"wp-block-atomic-blocks-ab-button button-black-outline ab-block-button\"><a href=\"https:\/\/arosbusinessacademy.dk\/konsulentydelser\/vi-tilbyder\/\" class=\"ab-button ab-button-shape-square ab-button-size-small\" style=\"color:#ffffff;background-color:#000000\">Klik her og l\u00e6s om vores 7 konsulentydelser<\/a><\/div>\n<\/div><\/div>\n\n\n\n<div class=\"wp-block-atomic-blocks-ab-column ab-block-layout-column\"><div class=\"ab-block-layout-column-inner\">\n<figure class=\"wp-block-image size-large is-resized\"><img loading=\"lazy\" decoding=\"async\" src=\"https:\/\/arosbusinessacademy.dk\/konsulentydelser\/wp-content\/uploads\/2020\/06\/konsulentvirksomhed-consultincxfbg.jpeg\" alt=\"\" class=\"wp-image-26\" width=\"492\" height=\"366\" srcset=\"https:\/\/arosbusinessacademy.dk\/konsulentydelser\/wp-content\/uploads\/2020\/06\/konsulentvirksomhed-consultincxfbg.jpeg 978w, https:\/\/arosbusinessacademy.dk\/konsulentydelser\/wp-content\/uploads\/2020\/06\/konsulentvirksomhed-consultincxfbg-300x223.jpeg 300w, https:\/\/arosbusinessacademy.dk\/konsulentydelser\/wp-content\/uploads\/2020\/06\/konsulentvirksomhed-consultincxfbg-768x571.jpeg 768w\" sizes=\"auto, (max-width: 492px) 100vw, 492px\" \/><\/figure>\n<\/div><\/div>\n<\/div><\/div>\n\n\n\n<div style=\"height:48px\" aria-hidden=\"true\" class=\"wp-block-spacer\"><\/div>\n\n\n\n<div style=\"color:#ddd\" class=\"wp-block-atomic-blocks-ab-spacer ab-block-spacer ab-divider-solid ab-spacer-divider ab-divider-size-1\"><hr style=\"height:30px\"\/><\/div>\n\n\n\n<p style=\"font-size:32px\" class=\"has-text-align-center font-headline max-width-780 mb-4\"><em>&#8220;It&#8217;s not the strongest species that survive, nor the most intelligent, but the one most responsive to change.&#8221;<\/em><\/p>\n\n\n\n<p class=\"has-text-align-center font-headline\">&#8211; Charles Darwin.<\/p>\n\n\n\n<div style=\"color:#ddd\" class=\"wp-block-atomic-blocks-ab-spacer ab-block-spacer ab-divider-solid ab-spacer-divider ab-divider-size-1\"><hr style=\"height:30px\"\/><\/div>\n\n\n\n<h3 class=\"has-text-align-center font-headline font-weight-400 font-size-48 mb-4 wp-block-heading\">Alle vores changemakers er <em>SENIOR<\/em> advisors.<\/h3>\n\n\n\n<p class=\"has-text-align-center font-headline\">Vi ans\u00e6tter ingen juniorkonsulenter. I m\u00e5 n\u00f8jes med benh\u00e5rd erfaring.<\/p>\n\n\n\n<div style=\"text-align:center\" class=\"wp-block-atomic-blocks-ab-button button-black-outline ab-block-button\"><a href=\"https:\/\/arosbusinessacademy.dk\/konsulentydelser\/vores-team\/\" class=\"ab-button ab-button-shape-square ab-button-size-small\" style=\"color:#ffffff;background-color:#000000\">\u200bL\u00e6s mere<\/a><\/div>\n\n\n\n<div style=\"height:30px\" aria-hidden=\"true\" class=\"wp-block-spacer\"><\/div>\n\n\n\n<div class=\"wp-block-atomic-blocks-ab-columns ab-layout-service-2 ab-layout-columns-1 one-column ab-has-custom-background-color ab-has-custom-text-color ab-columns-center alignfull\" style=\"padding-top:2%;padding-right:5%;padding-bottom:2%;padding-left:5%;background-color:#000000;color:#ffffff\"><div class=\"ab-layout-column-wrap ab-block-layout-column-gap-2 ab-is-responsive-column\" style=\"max-width:1200px\">\n<div class=\"wp-block-atomic-blocks-ab-column ab-block-layout-column\"><div class=\"ab-block-layout-column-inner\">\n<div style=\"margin-bottom:5%\" class=\"wp-block-atomic-blocks-ab-container ab-block-container\"><div class=\"ab-container-inside\"><div class=\"ab-container-content\" style=\"max-width:700px\">\n<p><\/p>\n<\/div><\/div><\/div>\n\n\n\n<div class=\"wp-block-atomic-blocks-ab-columns ab-layout-columns-4 ab-4-col-equal\" style=\"margin-bottom:3%\"><div class=\"ab-layout-column-wrap ab-block-layout-column-gap-2 ab-is-responsive-column\">\n<div class=\"wp-block-atomic-blocks-ab-column ab-block-layout-column\"><div class=\"ab-block-layout-column-inner\">\n<h4 class=\"wp-block-heading\">Tag en snak med os<\/h4>\n\n\n\n<p class=\"has-normal-font-size\">Hvad skal I have l\u00f8st? Kontakt os, s\u00e5 s\u00e6tter vi et uforpligtende m\u00f8de op.<br><br><a href=\"https:\/\/arosbusinessacademy.dk\/konsulentydelser\/tag-fat-i-os\/\"><span style=\"color:#ffffff\" class=\"has-inline-color\">L\u00e6s mere<\/span><\/a><\/p>\n<\/div><\/div>\n\n\n\n<div class=\"wp-block-atomic-blocks-ab-column ab-block-layout-column\"><div class=\"ab-block-layout-column-inner\">\n<h4 class=\"wp-block-heading\">Hvem er vi?<\/h4>\n\n\n\n<p class=\"has-normal-font-size\">Dansk progressivt konsulenthus med aktiviteter i hele Norden.<br><br><a href=\"https:\/\/arosbusinessacademy.dk\/konsulentydelser\/om-acg\/\"><span style=\"color:#ffffff\" class=\"has-inline-color\">L\u00e6s mere<\/span><\/a><\/p>\n<\/div><\/div>\n\n\n\n<div class=\"wp-block-atomic-blocks-ab-column ab-block-layout-column\"><div class=\"ab-block-layout-column-inner\">\n<h4 class=\"wp-block-heading\">Hvad g\u00f8r vi?<\/h4>\n\n\n\n<p class=\"has-normal-font-size\">Vi skaber forandring og bringer jer sikkert ind i fremtiden.<br><br><a href=\"https:\/\/arosbusinessacademy.dk\/konsulentydelser\/om-acg\/\"><span style=\"color:#ffffff\" class=\"has-inline-color\">L\u00e6s mere<\/span><\/a><\/p>\n<\/div><\/div>\n\n\n\n<div class=\"wp-block-atomic-blocks-ab-column ab-block-layout-column\"><div class=\"ab-block-layout-column-inner\">\n<h4 class=\"wp-block-heading\">Vores team<\/h4>\n\n\n\n<p class=\"has-normal-font-size\">Vi har kun seniorr\u00e5dgivere. S\u00e5 enkelt er det. <br><br><a href=\"https:\/\/arosbusinessacademy.dk\/konsulentydelser\/vores-team\/\"><span style=\"color:#ffffff\" class=\"has-inline-color\">L\u00e6s mere<\/span><\/a><\/p>\n<\/div><\/div>\n<\/div><\/div>\n\n\n\n<p><\/p>\n<\/div><\/div>\n<\/div><\/div>\n\n\n\n<p><\/p>\n","protected":false},"excerpt":{"rendered":"<p>&#8220;Efteruddannelse af medarbejdere skal skabe organisatorisk v\u00e6rdi. Hvis ikke, er midlerne bedre brugt p\u00e5 Tivoli-ture og fede firmafester&#8221; &#8211; Anders Rosenlund, uddannelseschef, Aros Business Academy. Transform\u00e9r jeres strategiske kompetenceudvikling! &#8220;It&#8217;s not the strongest species that survive, nor the most intelligent, but the one most responsive to change.&#8221; &#8211; Charles Darwin. Alle vores changemakers er SENIOR &hellip;<\/p>\n","protected":false},"author":1,"featured_media":0,"parent":0,"menu_order":0,"comment_status":"closed","ping_status":"closed","template":"","meta":{"footnotes":""},"class_list":["post-12","page","type-page","status-publish","hentry","post","without-featured-image"],"yoast_head":"<!-- This site is optimized with the Yoast SEO plugin v25.7 - https:\/\/yoast.com\/wordpress\/plugins\/seo\/ -->\n<title>Aros Business Academy \/\/ Konsulentydelser<\/title>\n<meta name=\"description\" content=\"Konsulentydelser inden for strategisk kompetenceudvikling.\" \/>\n<meta name=\"robots\" content=\"index, follow, max-snippet:-1, max-image-preview:large, max-video-preview:-1\" \/>\n<link rel=\"canonical\" href=\"https:\/\/arosbusinessacademy.dk\/konsulentydelser\/\" \/>\n<meta property=\"og:locale\" content=\"en_US\" \/>\n<meta property=\"og:type\" content=\"article\" \/>\n<meta property=\"og:title\" content=\"Aros Business Academy \/\/ Konsulentydelser\" \/>\n<meta property=\"og:description\" content=\"Konsulentydelser inden for strategisk kompetenceudvikling.\" \/>\n<meta property=\"og:url\" content=\"https:\/\/arosbusinessacademy.dk\/konsulentydelser\/\" \/>\n<meta property=\"og:site_name\" content=\"Aros Business Academy \/ Konsulentydelser\" \/>\n<meta property=\"article:modified_time\" content=\"2022-11-16T10:25:00+00:00\" \/>\n<meta property=\"og:image\" content=\"https:\/\/arosbusinessacademy.dk\/konsulentydelser\/wp-content\/uploads\/2020\/06\/2005789006.jpeg\" \/>\n<meta name=\"twitter:card\" content=\"summary_large_image\" \/>\n<meta name=\"twitter:label1\" content=\"Est. reading time\" \/>\n\t<meta name=\"twitter:data1\" content=\"1 minute\" \/>\n<script type=\"application\/ld+json\" class=\"yoast-schema-graph\">{\"@context\":\"https:\/\/schema.org\",\"@graph\":[{\"@type\":\"WebPage\",\"@id\":\"https:\/\/arosbusinessacademy.dk\/konsulentydelser\/\",\"url\":\"https:\/\/arosbusinessacademy.dk\/konsulentydelser\/\",\"name\":\"Aros Business Academy \/\/ Konsulentydelser\",\"isPartOf\":{\"@id\":\"https:\/\/arosbusinessacademy.dk\/konsulentydelser\/#website\"},\"primaryImageOfPage\":{\"@id\":\"https:\/\/arosbusinessacademy.dk\/konsulentydelser\/#primaryimage\"},\"image\":{\"@id\":\"https:\/\/arosbusinessacademy.dk\/konsulentydelser\/#primaryimage\"},\"thumbnailUrl\":\"https:\/\/arosbusinessacademy.dk\/konsulentydelser\/wp-content\/uploads\/2020\/06\/2005789006.jpeg\",\"datePublished\":\"2020-06-04T17:09:41+00:00\",\"dateModified\":\"2022-11-16T10:25:00+00:00\",\"description\":\"Konsulentydelser inden for strategisk kompetenceudvikling.\",\"breadcrumb\":{\"@id\":\"https:\/\/arosbusinessacademy.dk\/konsulentydelser\/#breadcrumb\"},\"inLanguage\":\"en-US\",\"potentialAction\":[{\"@type\":\"ReadAction\",\"target\":[\"https:\/\/arosbusinessacademy.dk\/konsulentydelser\/\"]}]},{\"@type\":\"ImageObject\",\"inLanguage\":\"en-US\",\"@id\":\"https:\/\/arosbusinessacademy.dk\/konsulentydelser\/#primaryimage\",\"url\":\"https:\/\/arosbusinessacademy.dk\/konsulentydelser\/wp-content\/uploads\/2020\/06\/2005789006.jpeg\",\"contentUrl\":\"https:\/\/arosbusinessacademy.dk\/konsulentydelser\/wp-content\/uploads\/2020\/06\/2005789006.jpeg\",\"width\":2000,\"height\":1334},{\"@type\":\"BreadcrumbList\",\"@id\":\"https:\/\/arosbusinessacademy.dk\/konsulentydelser\/#breadcrumb\",\"itemListElement\":[{\"@type\":\"ListItem\",\"position\":1,\"name\":\"Home\",\"item\":\"https:\/\/arosbusinessacademy.dk\/konsulentydelser\/\"},{\"@type\":\"ListItem\",\"position\":2,\"name\":\"Home\"}]},{\"@type\":\"WebSite\",\"@id\":\"https:\/\/arosbusinessacademy.dk\/konsulentydelser\/#website\",\"url\":\"https:\/\/arosbusinessacademy.dk\/konsulentydelser\/\",\"name\":\"Aros Business Academy \/ Konsulentydelser\",\"description\":\"\",\"potentialAction\":[{\"@type\":\"SearchAction\",\"target\":{\"@type\":\"EntryPoint\",\"urlTemplate\":\"https:\/\/arosbusinessacademy.dk\/konsulentydelser\/?s={search_term_string}\"},\"query-input\":{\"@type\":\"PropertyValueSpecification\",\"valueRequired\":true,\"valueName\":\"search_term_string\"}}],\"inLanguage\":\"en-US\"}]}<\/script>\n<!-- \/ Yoast SEO plugin. -->","yoast_head_json":{"title":"Aros Business Academy \/\/ Konsulentydelser","description":"Konsulentydelser inden for strategisk kompetenceudvikling.","robots":{"index":"index","follow":"follow","max-snippet":"max-snippet:-1","max-image-preview":"max-image-preview:large","max-video-preview":"max-video-preview:-1"},"canonical":"https:\/\/arosbusinessacademy.dk\/konsulentydelser\/","og_locale":"en_US","og_type":"article","og_title":"Aros Business Academy \/\/ Konsulentydelser","og_description":"Konsulentydelser inden for strategisk kompetenceudvikling.","og_url":"https:\/\/arosbusinessacademy.dk\/konsulentydelser\/","og_site_name":"Aros Business Academy \/ Konsulentydelser","article_modified_time":"2022-11-16T10:25:00+00:00","og_image":[{"url":"https:\/\/arosbusinessacademy.dk\/konsulentydelser\/wp-content\/uploads\/2020\/06\/2005789006.jpeg","type":"","width":"","height":""}],"twitter_card":"summary_large_image","twitter_misc":{"Est. reading time":"1 minute"},"schema":{"@context":"https:\/\/schema.org","@graph":[{"@type":"WebPage","@id":"https:\/\/arosbusinessacademy.dk\/konsulentydelser\/","url":"https:\/\/arosbusinessacademy.dk\/konsulentydelser\/","name":"Aros Business Academy \/\/ Konsulentydelser","isPartOf":{"@id":"https:\/\/arosbusinessacademy.dk\/konsulentydelser\/#website"},"primaryImageOfPage":{"@id":"https:\/\/arosbusinessacademy.dk\/konsulentydelser\/#primaryimage"},"image":{"@id":"https:\/\/arosbusinessacademy.dk\/konsulentydelser\/#primaryimage"},"thumbnailUrl":"https:\/\/arosbusinessacademy.dk\/konsulentydelser\/wp-content\/uploads\/2020\/06\/2005789006.jpeg","datePublished":"2020-06-04T17:09:41+00:00","dateModified":"2022-11-16T10:25:00+00:00","description":"Konsulentydelser inden for strategisk kompetenceudvikling.","breadcrumb":{"@id":"https:\/\/arosbusinessacademy.dk\/konsulentydelser\/#breadcrumb"},"inLanguage":"en-US","potentialAction":[{"@type":"ReadAction","target":["https:\/\/arosbusinessacademy.dk\/konsulentydelser\/"]}]},{"@type":"ImageObject","inLanguage":"en-US","@id":"https:\/\/arosbusinessacademy.dk\/konsulentydelser\/#primaryimage","url":"https:\/\/arosbusinessacademy.dk\/konsulentydelser\/wp-content\/uploads\/2020\/06\/2005789006.jpeg","contentUrl":"https:\/\/arosbusinessacademy.dk\/konsulentydelser\/wp-content\/uploads\/2020\/06\/2005789006.jpeg","width":2000,"height":1334},{"@type":"BreadcrumbList","@id":"https:\/\/arosbusinessacademy.dk\/konsulentydelser\/#breadcrumb","itemListElement":[{"@type":"ListItem","position":1,"name":"Home","item":"https:\/\/arosbusinessacademy.dk\/konsulentydelser\/"},{"@type":"ListItem","position":2,"name":"Home"}]},{"@type":"WebSite","@id":"https:\/\/arosbusinessacademy.dk\/konsulentydelser\/#website","url":"https:\/\/arosbusinessacademy.dk\/konsulentydelser\/","name":"Aros Business Academy \/ Konsulentydelser","description":"","potentialAction":[{"@type":"SearchAction","target":{"@type":"EntryPoint","urlTemplate":"https:\/\/arosbusinessacademy.dk\/konsulentydelser\/?s={search_term_string}"},"query-input":{"@type":"PropertyValueSpecification","valueRequired":true,"valueName":"search_term_string"}}],"inLanguage":"en-US"}]}},"featured_image_src":null,"featured_image_src_square":null,"_links":{"self":[{"href":"https:\/\/arosbusinessacademy.dk\/konsulentydelser\/wp-json\/wp\/v2\/pages\/12","targetHints":{"allow":["GET"]}}],"collection":[{"href":"https:\/\/arosbusinessacademy.dk\/konsulentydelser\/wp-json\/wp\/v2\/pages"}],"about":[{"href":"https:\/\/arosbusinessacademy.dk\/konsulentydelser\/wp-json\/wp\/v2\/types\/page"}],"author":[{"embeddable":true,"href":"https:\/\/arosbusinessacademy.dk\/konsulentydelser\/wp-json\/wp\/v2\/users\/1"}],"replies":[{"embeddable":true,"href":"https:\/\/arosbusinessacademy.dk\/konsulentydelser\/wp-json\/wp\/v2\/comments?post=12"}],"version-history":[{"count":223,"href":"https:\/\/arosbusinessacademy.dk\/konsulentydelser\/wp-json\/wp\/v2\/pages\/12\/revisions"}],"predecessor-version":[{"id":1175,"href":"https:\/\/arosbusinessacademy.dk\/konsulentydelser\/wp-json\/wp\/v2\/pages\/12\/revisions\/1175"}],"wp:attachment":[{"href":"https:\/\/arosbusinessacademy.dk\/konsulentydelser\/wp-json\/wp\/v2\/media?parent=12"}],"curies":[{"name":"wp","href":"https:\/\/api.w.org\/{rel}","templated":true}]}}