{"id":1180,"date":"2023-06-06T09:58:10","date_gmt":"2023-06-06T09:58:10","guid":{"rendered":"https:\/\/arosbusinessacademy.dk\/konsulentydelser\/?page_id=1180"},"modified":"2023-06-08T12:20:28","modified_gmt":"2023-06-08T12:20:28","slug":"fa-en-staerk-laeringskultur","status":"publish","type":"page","link":"https:\/\/arosbusinessacademy.dk\/konsulentydelser\/fa-en-staerk-laeringskultur\/","title":{"rendered":"F\u00e5 en st\u00e6rk l\u00e6ringskultur"},"content":{"rendered":"\n<div style=\"background-color:#313131;padding-bottom:8%;padding-top:10%;margin-bottom:5%\" class=\"wp-block-atomic-blocks-ab-container alignfull ab-layout-hero-1 ab-block-container alignfull\"><div class=\"ab-container-inside\"><div class=\"ab-container-content\" style=\"max-width:1200px\">\n<h1 class=\"has-text-align-left font-body ab-white-text font-xxl wp-block-heading\"><strong>F\u00e5 en st\u00e6rk l\u00e6ringskultur<\/strong><\/h1>\n\n\n\n<p style=\"color:#ffffff\" class=\"has-text-color has-text-align-left font-headline font-weight-400\">Langt st\u00f8rre v\u00e6rdi af uddannelseskronerne, \u00f8get produktivitet, bedre beslutninger, gladere medarbejdere, mere innovationskraft og bedre fastholdelse af talenter. Det er blot nogle af fordelene ved at have en st\u00e6rk l\u00e6ringskultur.<\/p>\n\n\n\n<p><\/p>\n<\/div><\/div><\/div>\n\n\n\n<div class=\"wp-block-atomic-blocks-ab-columns ab-layout-columns-2 ab-2-col-equal\"><div class=\"ab-layout-column-wrap ab-block-layout-column-gap-4 ab-is-responsive-column\">\n<div class=\"wp-block-atomic-blocks-ab-column ab-block-layout-column\"><div class=\"ab-block-layout-column-inner\">\n<h2 class=\"wp-block-heading\">L\u00e6ring p\u00e5 arbejdspladsen handler ikke kun om at sende medarbejdere p\u00e5 kurser!<\/h2>\n\n\n\n<p class=\"has-normal-font-size\">Kurser (og anden efteruddannelse) er vigtige for at skabe ny l\u00e6ring, inspiration og motivation for medarbejderne. Men en st\u00e6rk l\u00e6ringskultur kan arbejde med langt flere parametre.<\/p>\n\n\n\n<p class=\"has-normal-font-size\"><strong>Omr\u00e5der, der kan styrke en l\u00e6ringskultur:<\/strong> <\/p>\n\n\n\n<ul class=\"wp-block-list\"><li>Peer learning<\/li><li>Processer for styrkelse af kursusudbytte<\/li><li>Coaching og feedback<\/li><li>Formel og uformel videndeling <\/li><li>L\u00e6ringsf\u00e6llesskaber<\/li><li>L\u00e6ring fra kunder og brugere<\/li><li>Mentorordninger<\/li><li>L\u00e6ringsteknologier<\/li><li>L\u00e6ringsm\u00e5l<\/li><li>Bel\u00f8nning af l\u00e6ringsinitiativer<\/li><li>Og meget mere&#8230;<\/li><\/ul>\n\n\n\n<p><\/p>\n\n\n\n<hr class=\"wp-block-separator\"\/>\n\n\n\n<h2 class=\"wp-block-heading\">Derfor skal I styrke jeres l\u00e6ringskultur<\/h2>\n\n\n\n<p class=\"has-normal-font-size\">En st\u00e6rk l\u00e6ringskultur p\u00e5 arbejdspladsen kan have mange fordele, b\u00e5de for organisationen som helhed og for de enkelte medarbejdere. Her er de 7 prim\u00e6re fordele:<\/p>\n\n\n\n<p class=\"has-normal-font-size\"><strong>1. \u00d8get produktivitet: <\/strong>Medarbejdere, der konstant l\u00e6rer og udvikler sig, har tendens til at v\u00e6re mere produktive. De bliver bedre til at l\u00f8se problemer, mere effektive i deres arbejde, og kan bidrage med innovative l\u00f8sninger.<\/p>\n\n\n\n<p class=\"has-normal-font-size\"><strong>2. Tiltr\u00e6kning og fastholdelse af talent:<\/strong> En st\u00e6rk l\u00e6ringskultur kan g\u00f8re det lettere at tiltr\u00e6kke og fastholde talentfulde medarbejdere. Mange medarbejdere s\u00e6tter pris p\u00e5 mulighederne for personlig og professionel udvikling, og vil v\u00e6re mere tilb\u00f8jelige til at blive i en organisation, der investerer i deres l\u00e6ring.<\/p>\n\n\n\n<p class=\"has-normal-font-size\"><strong>3. Innovation: <\/strong>L\u00e6ring fremmer nyt\u00e6nkning og innovation. Medarbejdere, der er opmuntret til at l\u00e6re, udforske nye ideer og eksperimentere, er ofte mere innovative.<\/p>\n\n\n\n<p class=\"has-normal-font-size\"><strong>4. Bedre tilpasningsevne: <\/strong>I en hurtigt skiftende verden er evnen til at tilpasse sig nye situationer afg\u00f8rende. En st\u00e6rk l\u00e6ringskultur kan hj\u00e6lpe organisationen med at tilpasse sig \u00e6ndringer, hvad enten det drejer sig om teknologiske fremskridt, \u00e6ndringer i markedet eller nye lovgivninger.<\/p>\n\n\n\n<p class=\"has-normal-font-size\"><strong>5. St\u00f8rre medarbejdertilfredshed: <\/strong>L\u00e6ring kan \u00f8ge medarbejdertilfredsheden ved at hj\u00e6lpe medarbejderne med at f\u00f8le sig v\u00e6rdsatte, engagerede og i stand til at n\u00e5 deres fulde potentiale.<\/p>\n\n\n\n<p class=\"has-normal-font-size\"><strong>6. Bedre beslutningstagning:<\/strong> Ved konstant at l\u00e6re og indsamle ny viden, vil medarbejderne v\u00e6re bedre rustet til at tage informerede og effektive beslutninger.<\/p>\n\n\n\n<p class=\"has-normal-font-size\"><strong>7. Styrket virksomhedskultur:<\/strong> En l\u00e6ringskultur kan ogs\u00e5 styrke virksomhedskulturen som helhed, ved at fremme v\u00e6rdier som \u00e5benhed, nysgerrighed, samarbejde og kontinuerlig forbedring.<\/p>\n\n\n\n<div style=\"height:20px\" aria-hidden=\"true\" class=\"wp-block-spacer\"><\/div>\n\n\n\n<p class=\"has-normal-font-size\"><\/p>\n\n\n\n<div style=\"height:20px\" aria-hidden=\"true\" class=\"wp-block-spacer\"><\/div>\n\n\n\n<p class=\"has-normal-font-size\"><\/p>\n\n\n\n<p class=\"has-normal-font-size\"><\/p>\n\n\n\n<p class=\"has-normal-font-size\"><\/p>\n\n\n\n<p class=\"has-normal-font-size\"><\/p>\n<\/div><\/div>\n\n\n\n<div class=\"wp-block-atomic-blocks-ab-column ab-block-layout-column\"><div class=\"ab-block-layout-column-inner\">\n<figure class=\"wp-block-image size-large\"><img loading=\"lazy\" decoding=\"async\" width=\"1024\" height=\"683\" src=\"https:\/\/arosbusinessacademy.dk\/konsulentydelser\/wp-content\/uploads\/2020\/06\/AdobeStock_169125753-1-1024x683.jpeg\" alt=\"\" class=\"wp-image-591\" srcset=\"https:\/\/arosbusinessacademy.dk\/konsulentydelser\/wp-content\/uploads\/2020\/06\/AdobeStock_169125753-1-1024x683.jpeg 1024w, https:\/\/arosbusinessacademy.dk\/konsulentydelser\/wp-content\/uploads\/2020\/06\/AdobeStock_169125753-1-300x200.jpeg 300w, https:\/\/arosbusinessacademy.dk\/konsulentydelser\/wp-content\/uploads\/2020\/06\/AdobeStock_169125753-1-768x512.jpeg 768w, https:\/\/arosbusinessacademy.dk\/konsulentydelser\/wp-content\/uploads\/2020\/06\/AdobeStock_169125753-1-1536x1024.jpeg 1536w, https:\/\/arosbusinessacademy.dk\/konsulentydelser\/wp-content\/uploads\/2020\/06\/AdobeStock_169125753-1-600x400.jpeg 600w, https:\/\/arosbusinessacademy.dk\/konsulentydelser\/wp-content\/uploads\/2020\/06\/AdobeStock_169125753-1-1200x800.jpeg 1200w, https:\/\/arosbusinessacademy.dk\/konsulentydelser\/wp-content\/uploads\/2020\/06\/AdobeStock_169125753-1-1400x933.jpeg 1400w, https:\/\/arosbusinessacademy.dk\/konsulentydelser\/wp-content\/uploads\/2020\/06\/AdobeStock_169125753-1.jpeg 1920w\" sizes=\"auto, (max-width: 1024px) 100vw, 1024px\" \/><\/figure>\n\n\n\n<div style=\"color:#32373c;background-color:#ff7438\" class=\"wp-block-atomic-blocks-ab-notice ab-font-size-16 ab-block-notice\" data-id=\"07d3d6\"><div class=\"ab-notice-title\" style=\"color:#fff\"><p>S\u00e5dan hj\u00e6lper vi jer<\/p><\/div><div class=\"ab-notice-text\" style=\"border-color:#ff7438\"><p>1. Vurdering af jeres nuv\u00e6rende l\u00e6ringskultur (via sp\u00f8rgeskemaer og enkelte nedslag)<\/p><p>2. Formulering af strategi for l\u00e6ringskultur (mini-workshop med HR og ledelsen)<\/p><p>3. Guide til ledere (med afs\u00e6t i strategien) med konkrete handlemuligheder og inspiration til at styrke l\u00e6ringskulturen<\/p><p>4. E-learning-kursus til alle ledere (60 minutter) med afs\u00e6t i guiden. \u00a0<\/p><\/div><\/div>\n\n\n\n<div style=\"height:20px\" aria-hidden=\"true\" class=\"wp-block-spacer\"><\/div>\n\n\n\n<h2 class=\"wp-block-heading\"><em>Giv os et kald og h\u00f8r mere!<\/em><\/h2>\n\n\n\n<p class=\"has-normal-font-size\">Tag fat i os og fort\u00e6l lidt om jer. S\u00e5 tager vi en snak om, hvordan vi kan hj\u00e6lpe jer. <\/p>\n\n\n\n<p class=\"has-normal-font-size\">Ring til uddannelseschef Anders Rosenlund p\u00e5 tlf. 70 278 279.<\/p>\n\n\n\n<figure class=\"wp-block-image size-large is-resized\"><img loading=\"lazy\" decoding=\"async\" src=\"https:\/\/arosbusinessacademy.dk\/konsulentydelser\/wp-content\/uploads\/2021\/03\/Anders-Rosenlund-juni-2016-1-1024x753-1.jpg\" alt=\"\" class=\"wp-image-920\" width=\"323\" height=\"237\" srcset=\"https:\/\/arosbusinessacademy.dk\/konsulentydelser\/wp-content\/uploads\/2021\/03\/Anders-Rosenlund-juni-2016-1-1024x753-1.jpg 1024w, https:\/\/arosbusinessacademy.dk\/konsulentydelser\/wp-content\/uploads\/2021\/03\/Anders-Rosenlund-juni-2016-1-1024x753-1-300x221.jpg 300w, https:\/\/arosbusinessacademy.dk\/konsulentydelser\/wp-content\/uploads\/2021\/03\/Anders-Rosenlund-juni-2016-1-1024x753-1-768x565.jpg 768w\" sizes=\"auto, (max-width: 323px) 100vw, 323px\" \/><\/figure>\n\n\n\n<div class=\"wp-block-atomic-blocks-ab-button ab-block-button\"><a href=\"https:\/\/arosbusinessacademy.dk\/konsulentydelser\/tag-fat-i-os\/\" class=\"ab-button ab-button-shape-square ab-button-size-small\" style=\"color:#ffffff;background-color:#0693e3\">Eller send os en besked<\/a><\/div>\n\n\n\n<p><\/p>\n<\/div><\/div>\n<\/div><\/div>\n\n\n\n<hr class=\"wp-block-separator has-text-color has-background has-very-dark-gray-background-color has-very-dark-gray-color is-style-wide\"\/>\n\n\n\n<div class=\"wp-block-atomic-blocks-ab-columns ab-layout-columns-2 ab-2-col-equal\"><div class=\"ab-layout-column-wrap ab-block-layout-column-gap-2 ab-is-responsive-column\">\n<div class=\"wp-block-atomic-blocks-ab-column ab-block-layout-column\"><div class=\"ab-block-layout-column-inner\">\n<p><\/p>\n\n\n\n<p class=\"has-normal-font-size\"><\/p>\n\n\n\n<p class=\"has-normal-font-size\"><\/p>\n\n\n\n<p class=\"has-normal-font-size\"><\/p>\n\n\n\n<p class=\"has-normal-font-size\"><\/p>\n\n\n\n<p class=\"has-normal-font-size\"><\/p>\n<\/div><\/div>\n\n\n\n<div class=\"wp-block-atomic-blocks-ab-column ab-block-layout-column\"><div class=\"ab-block-layout-column-inner\">\n<p><\/p>\n\n\n\n<p class=\"has-normal-font-size\"><\/p>\n\n\n\n<p class=\"has-normal-font-size\"><\/p>\n\n\n\n<p class=\"has-normal-font-size\"><\/p>\n\n\n\n<p class=\"has-normal-font-size\"><\/p>\n\n\n\n<p class=\"has-normal-font-size\"><\/p>\n<\/div><\/div>\n<\/div><\/div>\n\n\n\n<div style=\"height:20px\" aria-hidden=\"true\" class=\"wp-block-spacer\"><\/div>\n\n\n\n<div style=\"height:57px\" aria-hidden=\"true\" class=\"wp-block-spacer\"><\/div>\n\n\n\n<div class=\"wp-block-atomic-blocks-ab-columns ab-layout-columns-3 ab-3-col-widecenter\"><div class=\"ab-layout-column-wrap ab-block-layout-column-gap-2 ab-is-responsive-column\">\n<div class=\"wp-block-atomic-blocks-ab-column ab-block-layout-column\"><div class=\"ab-block-layout-column-inner\">\n<p><\/p>\n<\/div><\/div>\n\n\n\n<div class=\"wp-block-atomic-blocks-ab-column ab-block-layout-column\"><div class=\"ab-block-layout-column-inner\">\n<p><\/p>\n<\/div><\/div>\n\n\n\n<div class=\"wp-block-atomic-blocks-ab-column ab-block-layout-column\"><div class=\"ab-block-layout-column-inner\">\n<p><\/p>\n<\/div><\/div>\n<\/div><\/div>\n","protected":false},"excerpt":{"rendered":"","protected":false},"author":2,"featured_media":0,"parent":0,"menu_order":0,"comment_status":"closed","ping_status":"closed","template":"","meta":{"footnotes":""},"class_list":["post-1180","page","type-page","status-publish","hentry","post","without-featured-image"],"yoast_head":"<!-- This site is optimized with the Yoast SEO plugin v25.7 - https:\/\/yoast.com\/wordpress\/plugins\/seo\/ -->\n<title>F\u00e5 en st\u00e6rk l\u00e6ringskultur - Aros Business Academy \/ Konsulentydelser<\/title>\n<meta name=\"robots\" content=\"index, follow, max-snippet:-1, max-image-preview:large, max-video-preview:-1\" \/>\n<link rel=\"canonical\" href=\"https:\/\/arosbusinessacademy.dk\/konsulentydelser\/fa-en-staerk-laeringskultur\/\" \/>\n<meta property=\"og:locale\" content=\"en_US\" \/>\n<meta property=\"og:type\" content=\"article\" \/>\n<meta property=\"og:title\" content=\"F\u00e5 en st\u00e6rk l\u00e6ringskultur - Aros Business Academy \/ Konsulentydelser\" \/>\n<meta property=\"og:url\" content=\"https:\/\/arosbusinessacademy.dk\/konsulentydelser\/fa-en-staerk-laeringskultur\/\" \/>\n<meta property=\"og:site_name\" content=\"Aros Business Academy \/ Konsulentydelser\" \/>\n<meta property=\"article:modified_time\" content=\"2023-06-08T12:20:28+00:00\" \/>\n<meta property=\"og:image\" content=\"https:\/\/arosbusinessacademy.dk\/konsulentydelser\/wp-content\/uploads\/2020\/06\/AdobeStock_169125753-1.jpeg\" \/>\n\t<meta property=\"og:image:width\" content=\"1920\" \/>\n\t<meta property=\"og:image:height\" content=\"1280\" \/>\n\t<meta property=\"og:image:type\" content=\"image\/jpeg\" \/>\n<meta name=\"twitter:card\" content=\"summary_large_image\" \/>\n<meta name=\"twitter:label1\" content=\"Est. reading time\" \/>\n\t<meta name=\"twitter:data1\" content=\"2 minutes\" \/>\n<script type=\"application\/ld+json\" class=\"yoast-schema-graph\">{\"@context\":\"https:\/\/schema.org\",\"@graph\":[{\"@type\":\"WebPage\",\"@id\":\"https:\/\/arosbusinessacademy.dk\/konsulentydelser\/fa-en-staerk-laeringskultur\/\",\"url\":\"https:\/\/arosbusinessacademy.dk\/konsulentydelser\/fa-en-staerk-laeringskultur\/\",\"name\":\"F\u00e5 en st\u00e6rk l\u00e6ringskultur - Aros Business Academy \/ Konsulentydelser\",\"isPartOf\":{\"@id\":\"https:\/\/arosbusinessacademy.dk\/konsulentydelser\/#website\"},\"primaryImageOfPage\":{\"@id\":\"https:\/\/arosbusinessacademy.dk\/konsulentydelser\/fa-en-staerk-laeringskultur\/#primaryimage\"},\"image\":{\"@id\":\"https:\/\/arosbusinessacademy.dk\/konsulentydelser\/fa-en-staerk-laeringskultur\/#primaryimage\"},\"thumbnailUrl\":\"https:\/\/arosbusinessacademy.dk\/konsulentydelser\/wp-content\/uploads\/2020\/06\/AdobeStock_169125753-1-1024x683.jpeg\",\"datePublished\":\"2023-06-06T09:58:10+00:00\",\"dateModified\":\"2023-06-08T12:20:28+00:00\",\"breadcrumb\":{\"@id\":\"https:\/\/arosbusinessacademy.dk\/konsulentydelser\/fa-en-staerk-laeringskultur\/#breadcrumb\"},\"inLanguage\":\"en-US\",\"potentialAction\":[{\"@type\":\"ReadAction\",\"target\":[\"https:\/\/arosbusinessacademy.dk\/konsulentydelser\/fa-en-staerk-laeringskultur\/\"]}]},{\"@type\":\"ImageObject\",\"inLanguage\":\"en-US\",\"@id\":\"https:\/\/arosbusinessacademy.dk\/konsulentydelser\/fa-en-staerk-laeringskultur\/#primaryimage\",\"url\":\"https:\/\/arosbusinessacademy.dk\/konsulentydelser\/wp-content\/uploads\/2020\/06\/AdobeStock_169125753-1.jpeg\",\"contentUrl\":\"https:\/\/arosbusinessacademy.dk\/konsulentydelser\/wp-content\/uploads\/2020\/06\/AdobeStock_169125753-1.jpeg\",\"width\":1920,\"height\":1280,\"caption\":\"Businessman sharing ideas on project in conference room. Group of business people in meeting at office.\"},{\"@type\":\"BreadcrumbList\",\"@id\":\"https:\/\/arosbusinessacademy.dk\/konsulentydelser\/fa-en-staerk-laeringskultur\/#breadcrumb\",\"itemListElement\":[{\"@type\":\"ListItem\",\"position\":1,\"name\":\"Home\",\"item\":\"https:\/\/arosbusinessacademy.dk\/konsulentydelser\/\"},{\"@type\":\"ListItem\",\"position\":2,\"name\":\"F\u00e5 en st\u00e6rk l\u00e6ringskultur\"}]},{\"@type\":\"WebSite\",\"@id\":\"https:\/\/arosbusinessacademy.dk\/konsulentydelser\/#website\",\"url\":\"https:\/\/arosbusinessacademy.dk\/konsulentydelser\/\",\"name\":\"Aros Business Academy \/ Konsulentydelser\",\"description\":\"\",\"potentialAction\":[{\"@type\":\"SearchAction\",\"target\":{\"@type\":\"EntryPoint\",\"urlTemplate\":\"https:\/\/arosbusinessacademy.dk\/konsulentydelser\/?s={search_term_string}\"},\"query-input\":{\"@type\":\"PropertyValueSpecification\",\"valueRequired\":true,\"valueName\":\"search_term_string\"}}],\"inLanguage\":\"en-US\"}]}<\/script>\n<!-- \/ Yoast SEO plugin. -->","yoast_head_json":{"title":"F\u00e5 en st\u00e6rk l\u00e6ringskultur - Aros Business Academy \/ Konsulentydelser","robots":{"index":"index","follow":"follow","max-snippet":"max-snippet:-1","max-image-preview":"max-image-preview:large","max-video-preview":"max-video-preview:-1"},"canonical":"https:\/\/arosbusinessacademy.dk\/konsulentydelser\/fa-en-staerk-laeringskultur\/","og_locale":"en_US","og_type":"article","og_title":"F\u00e5 en st\u00e6rk l\u00e6ringskultur - Aros Business Academy \/ Konsulentydelser","og_url":"https:\/\/arosbusinessacademy.dk\/konsulentydelser\/fa-en-staerk-laeringskultur\/","og_site_name":"Aros Business Academy \/ Konsulentydelser","article_modified_time":"2023-06-08T12:20:28+00:00","og_image":[{"width":1920,"height":1280,"url":"https:\/\/arosbusinessacademy.dk\/konsulentydelser\/wp-content\/uploads\/2020\/06\/AdobeStock_169125753-1.jpeg","type":"image\/jpeg"}],"twitter_card":"summary_large_image","twitter_misc":{"Est. reading time":"2 minutes"},"schema":{"@context":"https:\/\/schema.org","@graph":[{"@type":"WebPage","@id":"https:\/\/arosbusinessacademy.dk\/konsulentydelser\/fa-en-staerk-laeringskultur\/","url":"https:\/\/arosbusinessacademy.dk\/konsulentydelser\/fa-en-staerk-laeringskultur\/","name":"F\u00e5 en st\u00e6rk l\u00e6ringskultur - Aros Business Academy \/ Konsulentydelser","isPartOf":{"@id":"https:\/\/arosbusinessacademy.dk\/konsulentydelser\/#website"},"primaryImageOfPage":{"@id":"https:\/\/arosbusinessacademy.dk\/konsulentydelser\/fa-en-staerk-laeringskultur\/#primaryimage"},"image":{"@id":"https:\/\/arosbusinessacademy.dk\/konsulentydelser\/fa-en-staerk-laeringskultur\/#primaryimage"},"thumbnailUrl":"https:\/\/arosbusinessacademy.dk\/konsulentydelser\/wp-content\/uploads\/2020\/06\/AdobeStock_169125753-1-1024x683.jpeg","datePublished":"2023-06-06T09:58:10+00:00","dateModified":"2023-06-08T12:20:28+00:00","breadcrumb":{"@id":"https:\/\/arosbusinessacademy.dk\/konsulentydelser\/fa-en-staerk-laeringskultur\/#breadcrumb"},"inLanguage":"en-US","potentialAction":[{"@type":"ReadAction","target":["https:\/\/arosbusinessacademy.dk\/konsulentydelser\/fa-en-staerk-laeringskultur\/"]}]},{"@type":"ImageObject","inLanguage":"en-US","@id":"https:\/\/arosbusinessacademy.dk\/konsulentydelser\/fa-en-staerk-laeringskultur\/#primaryimage","url":"https:\/\/arosbusinessacademy.dk\/konsulentydelser\/wp-content\/uploads\/2020\/06\/AdobeStock_169125753-1.jpeg","contentUrl":"https:\/\/arosbusinessacademy.dk\/konsulentydelser\/wp-content\/uploads\/2020\/06\/AdobeStock_169125753-1.jpeg","width":1920,"height":1280,"caption":"Businessman sharing ideas on project in conference room. Group of business people in meeting at office."},{"@type":"BreadcrumbList","@id":"https:\/\/arosbusinessacademy.dk\/konsulentydelser\/fa-en-staerk-laeringskultur\/#breadcrumb","itemListElement":[{"@type":"ListItem","position":1,"name":"Home","item":"https:\/\/arosbusinessacademy.dk\/konsulentydelser\/"},{"@type":"ListItem","position":2,"name":"F\u00e5 en st\u00e6rk l\u00e6ringskultur"}]},{"@type":"WebSite","@id":"https:\/\/arosbusinessacademy.dk\/konsulentydelser\/#website","url":"https:\/\/arosbusinessacademy.dk\/konsulentydelser\/","name":"Aros Business Academy \/ Konsulentydelser","description":"","potentialAction":[{"@type":"SearchAction","target":{"@type":"EntryPoint","urlTemplate":"https:\/\/arosbusinessacademy.dk\/konsulentydelser\/?s={search_term_string}"},"query-input":{"@type":"PropertyValueSpecification","valueRequired":true,"valueName":"search_term_string"}}],"inLanguage":"en-US"}]}},"featured_image_src":null,"featured_image_src_square":null,"_links":{"self":[{"href":"https:\/\/arosbusinessacademy.dk\/konsulentydelser\/wp-json\/wp\/v2\/pages\/1180","targetHints":{"allow":["GET"]}}],"collection":[{"href":"https:\/\/arosbusinessacademy.dk\/konsulentydelser\/wp-json\/wp\/v2\/pages"}],"about":[{"href":"https:\/\/arosbusinessacademy.dk\/konsulentydelser\/wp-json\/wp\/v2\/types\/page"}],"author":[{"embeddable":true,"href":"https:\/\/arosbusinessacademy.dk\/konsulentydelser\/wp-json\/wp\/v2\/users\/2"}],"replies":[{"embeddable":true,"href":"https:\/\/arosbusinessacademy.dk\/konsulentydelser\/wp-json\/wp\/v2\/comments?post=1180"}],"version-history":[{"count":17,"href":"https:\/\/arosbusinessacademy.dk\/konsulentydelser\/wp-json\/wp\/v2\/pages\/1180\/revisions"}],"predecessor-version":[{"id":1203,"href":"https:\/\/arosbusinessacademy.dk\/konsulentydelser\/wp-json\/wp\/v2\/pages\/1180\/revisions\/1203"}],"wp:attachment":[{"href":"https:\/\/arosbusinessacademy.dk\/konsulentydelser\/wp-json\/wp\/v2\/media?parent=1180"}],"curies":[{"name":"wp","href":"https:\/\/api.w.org\/{rel}","templated":true}]}}