{"id":1137,"date":"2022-11-16T08:57:19","date_gmt":"2022-11-16T08:57:19","guid":{"rendered":"https:\/\/arosbusinessacademy.dk\/konsulentydelser\/?page_id=1137"},"modified":"2025-07-08T09:48:17","modified_gmt":"2025-07-08T09:48:17","slug":"learning-development-maturity","status":"publish","type":"page","link":"https:\/\/arosbusinessacademy.dk\/konsulentydelser\/learning-development-maturity\/","title":{"rendered":"Gratis L&#038;D test"},"content":{"rendered":"\n<div style=\"background-color:#0b0b0b;padding-bottom:8%;padding-top:10%;margin-bottom:5%\" class=\"wp-block-atomic-blocks-ab-container alignfull ab-layout-hero-1 ab-block-container alignfull\"><div class=\"ab-container-inside\"><div class=\"ab-container-image-wrap\"><img decoding=\"async\" class=\"ab-container-image has-background-dim-100 has-background-dim\" src=\"https:\/\/arosbusinessacademy.dk\/konsulentydelser\/wp-content\/uploads\/2022\/11\/Learning-Development.png\" alt=\"Learning &amp; Development\"\/><\/div><div class=\"ab-container-content\" style=\"max-width:1200px\">\n<p style=\"color:#ffffff\" class=\"has-text-color has-text-align-left font-headline font-weight-400\">Hvilket niveau er jeres Learning &amp; Development p\u00e5?<\/p>\n\n\n\n<h2 class=\"has-text-color has-text-align-left font-body ab-white-text font-xxl mb-4 wp-block-heading\" style=\"color:#ffffff\"><strong>L&amp;D Maturity<\/strong>.<\/h2>\n\n\n\n<div style=\"text-align:left\" class=\"wp-block-atomic-blocks-ab-button button-white mb-0 ab-block-button\"><a href=\"https:\/\/arosbusinessacademy.dk\/konsulentydelser\/tag-fat-i-os\/\" class=\"ab-button ab-button-shape-square ab-button-size-small\" style=\"color:#000000;background-color:#ffffff\">Bestil en gratis test og vurdering<\/a><\/div>\n\n\n\n<p><\/p>\n<\/div><\/div><\/div>\n\n\n\n<h2 class=\"has-text-align-center font-weight-400 font-h1 wp-block-heading\">Brug blot 7 minutter p\u00e5 at svare p\u00e5 nogle sp\u00f8rgsm\u00e5l. Og lad os vurdere jeres L&amp;D-niveau og pr\u00e6sentere det sammen med 10 konkrete anbefalinger<\/h2>\n\n\n\n<p><\/p>\n\n\n\n<div class=\"wp-block-image\"><figure class=\"aligncenter size-large\"><img loading=\"lazy\" decoding=\"async\" width=\"577\" height=\"544\" src=\"https:\/\/arosbusinessacademy.dk\/konsulentydelser\/wp-content\/uploads\/2022\/11\/Learning-and-development.png\" alt=\"\" class=\"wp-image-1151\" srcset=\"https:\/\/arosbusinessacademy.dk\/konsulentydelser\/wp-content\/uploads\/2022\/11\/Learning-and-development.png 577w, https:\/\/arosbusinessacademy.dk\/konsulentydelser\/wp-content\/uploads\/2022\/11\/Learning-and-development-300x283.png 300w\" sizes=\"auto, (max-width: 577px) 100vw, 577px\" \/><\/figure><\/div>\n\n\n\n<p style=\"font-size:29px\" class=\"has-text-align-left\"><strong>Bestil en gratis test og vurdering!<\/strong><\/p>\n\n\n\n<div class=\"wp-block-image\"><figure class=\"alignleft is-resized\"><img loading=\"lazy\" decoding=\"async\" src=\"https:\/\/arosbusinessacademy.dk\/konsulentydelser\/wp-content\/uploads\/2020\/06\/Anders-sort-hvid-1.jpg\" alt=\"This image has an empty alt attribute; its file name is Anders-sort-hvid-1.jpg\" width=\"253\" height=\"253\"\/><\/figure><\/div>\n\n\n\n<p class=\"has-text-align-left has-normal-font-size\"><strong>Proceduren er helt enkel:<\/strong> <br>I tager fat i os, og vi sender et link til 23 multiple-choice-sp\u00f8rgsm\u00e5l. <br>Vi vurderer jeres svar og pr\u00e6senterer vores vurdering p\u00e5 et fysisk m\u00f8de hos jer. <\/p>\n\n\n\n<p class=\"has-normal-font-size\">Tag fat i Anders Rosenlund p\u00e5 <strong><a href=\"tel:70278279\">tlf. 70 278 279<\/a><\/strong>, eller send os en besked via <a href=\"https:\/\/arosbusinessacademy.dk\/konsulentydelser\/tag-fat-i-os\/\">kontaktformularen<\/a>.<\/p>\n\n\n\n<p><\/p>\n\n\n\n<p><\/p>\n\n\n\n<p><\/p>\n\n\n\n<p><\/p>\n\n\n\n<p><\/p>\n\n\n\n<p><\/p>\n\n\n\n<p><\/p>\n","protected":false},"excerpt":{"rendered":"<p>Brug blot 7 minutter p\u00e5 at svare p\u00e5 nogle sp\u00f8rgsm\u00e5l. Og lad os vurdere jeres L&amp;D-niveau og pr\u00e6sentere det sammen med 10 konkrete anbefalinger Bestil en gratis test og vurdering! Proceduren er helt enkel: I tager fat i os, og vi sender et link til 23 multiple-choice-sp\u00f8rgsm\u00e5l. Vi vurderer jeres svar og pr\u00e6senterer vores vurdering &hellip;<\/p>\n","protected":false},"author":2,"featured_media":0,"parent":0,"menu_order":0,"comment_status":"closed","ping_status":"closed","template":"","meta":{"footnotes":""},"class_list":["post-1137","page","type-page","status-publish","hentry","post","without-featured-image"],"yoast_head":"<!-- This site is optimized with the Yoast SEO plugin v25.7 - https:\/\/yoast.com\/wordpress\/plugins\/seo\/ -->\n<title>Gratis L&amp;D test - Aros Business Academy \/ Konsulentydelser<\/title>\n<meta name=\"robots\" content=\"index, follow, max-snippet:-1, max-image-preview:large, max-video-preview:-1\" \/>\n<link rel=\"canonical\" href=\"https:\/\/arosbusinessacademy.dk\/konsulentydelser\/learning-development-maturity\/\" \/>\n<meta property=\"og:locale\" content=\"en_US\" \/>\n<meta property=\"og:type\" content=\"article\" \/>\n<meta property=\"og:title\" content=\"Gratis L&amp;D test - Aros Business Academy \/ Konsulentydelser\" \/>\n<meta property=\"og:description\" content=\"Brug blot 7 minutter p\u00e5 at svare p\u00e5 nogle sp\u00f8rgsm\u00e5l. Og lad os vurdere jeres L&amp;D-niveau og pr\u00e6sentere det sammen med 10 konkrete anbefalinger Bestil en gratis test og vurdering! Proceduren er helt enkel: I tager fat i os, og vi sender et link til 23 multiple-choice-sp\u00f8rgsm\u00e5l. Vi vurderer jeres svar og pr\u00e6senterer vores vurdering &hellip;\" \/>\n<meta property=\"og:url\" content=\"https:\/\/arosbusinessacademy.dk\/konsulentydelser\/learning-development-maturity\/\" \/>\n<meta property=\"og:site_name\" content=\"Aros Business Academy \/ Konsulentydelser\" \/>\n<meta property=\"article:modified_time\" content=\"2025-07-08T09:48:17+00:00\" \/>\n<meta property=\"og:image\" content=\"https:\/\/arosbusinessacademy.dk\/konsulentydelser\/wp-content\/uploads\/2022\/11\/Learning-Development.png\" \/>\n<meta name=\"twitter:card\" content=\"summary_large_image\" \/>\n<script type=\"application\/ld+json\" class=\"yoast-schema-graph\">{\"@context\":\"https:\/\/schema.org\",\"@graph\":[{\"@type\":\"WebPage\",\"@id\":\"https:\/\/arosbusinessacademy.dk\/konsulentydelser\/learning-development-maturity\/\",\"url\":\"https:\/\/arosbusinessacademy.dk\/konsulentydelser\/learning-development-maturity\/\",\"name\":\"Gratis L&D test - Aros Business Academy \/ Konsulentydelser\",\"isPartOf\":{\"@id\":\"https:\/\/arosbusinessacademy.dk\/konsulentydelser\/#website\"},\"primaryImageOfPage\":{\"@id\":\"https:\/\/arosbusinessacademy.dk\/konsulentydelser\/learning-development-maturity\/#primaryimage\"},\"image\":{\"@id\":\"https:\/\/arosbusinessacademy.dk\/konsulentydelser\/learning-development-maturity\/#primaryimage\"},\"thumbnailUrl\":\"https:\/\/arosbusinessacademy.dk\/konsulentydelser\/wp-content\/uploads\/2022\/11\/Learning-Development.png\",\"datePublished\":\"2022-11-16T08:57:19+00:00\",\"dateModified\":\"2025-07-08T09:48:17+00:00\",\"breadcrumb\":{\"@id\":\"https:\/\/arosbusinessacademy.dk\/konsulentydelser\/learning-development-maturity\/#breadcrumb\"},\"inLanguage\":\"en-US\",\"potentialAction\":[{\"@type\":\"ReadAction\",\"target\":[\"https:\/\/arosbusinessacademy.dk\/konsulentydelser\/learning-development-maturity\/\"]}]},{\"@type\":\"ImageObject\",\"inLanguage\":\"en-US\",\"@id\":\"https:\/\/arosbusinessacademy.dk\/konsulentydelser\/learning-development-maturity\/#primaryimage\",\"url\":\"https:\/\/arosbusinessacademy.dk\/konsulentydelser\/wp-content\/uploads\/2022\/11\/Learning-Development.png\",\"contentUrl\":\"https:\/\/arosbusinessacademy.dk\/konsulentydelser\/wp-content\/uploads\/2022\/11\/Learning-Development.png\",\"width\":1919,\"height\":442,\"caption\":\"Learning & Development\"},{\"@type\":\"BreadcrumbList\",\"@id\":\"https:\/\/arosbusinessacademy.dk\/konsulentydelser\/learning-development-maturity\/#breadcrumb\",\"itemListElement\":[{\"@type\":\"ListItem\",\"position\":1,\"name\":\"Home\",\"item\":\"https:\/\/arosbusinessacademy.dk\/konsulentydelser\/\"},{\"@type\":\"ListItem\",\"position\":2,\"name\":\"Gratis L&#038;D test\"}]},{\"@type\":\"WebSite\",\"@id\":\"https:\/\/arosbusinessacademy.dk\/konsulentydelser\/#website\",\"url\":\"https:\/\/arosbusinessacademy.dk\/konsulentydelser\/\",\"name\":\"Aros Business Academy \/ Konsulentydelser\",\"description\":\"\",\"potentialAction\":[{\"@type\":\"SearchAction\",\"target\":{\"@type\":\"EntryPoint\",\"urlTemplate\":\"https:\/\/arosbusinessacademy.dk\/konsulentydelser\/?s={search_term_string}\"},\"query-input\":{\"@type\":\"PropertyValueSpecification\",\"valueRequired\":true,\"valueName\":\"search_term_string\"}}],\"inLanguage\":\"en-US\"}]}<\/script>\n<!-- \/ Yoast SEO plugin. -->","yoast_head_json":{"title":"Gratis L&D test - Aros Business Academy \/ Konsulentydelser","robots":{"index":"index","follow":"follow","max-snippet":"max-snippet:-1","max-image-preview":"max-image-preview:large","max-video-preview":"max-video-preview:-1"},"canonical":"https:\/\/arosbusinessacademy.dk\/konsulentydelser\/learning-development-maturity\/","og_locale":"en_US","og_type":"article","og_title":"Gratis L&D test - Aros Business Academy \/ Konsulentydelser","og_description":"Brug blot 7 minutter p\u00e5 at svare p\u00e5 nogle sp\u00f8rgsm\u00e5l. Og lad os vurdere jeres L&amp;D-niveau og pr\u00e6sentere det sammen med 10 konkrete anbefalinger Bestil en gratis test og vurdering! Proceduren er helt enkel: I tager fat i os, og vi sender et link til 23 multiple-choice-sp\u00f8rgsm\u00e5l. Vi vurderer jeres svar og pr\u00e6senterer vores vurdering &hellip;","og_url":"https:\/\/arosbusinessacademy.dk\/konsulentydelser\/learning-development-maturity\/","og_site_name":"Aros Business Academy \/ Konsulentydelser","article_modified_time":"2025-07-08T09:48:17+00:00","og_image":[{"url":"https:\/\/arosbusinessacademy.dk\/konsulentydelser\/wp-content\/uploads\/2022\/11\/Learning-Development.png","type":"","width":"","height":""}],"twitter_card":"summary_large_image","schema":{"@context":"https:\/\/schema.org","@graph":[{"@type":"WebPage","@id":"https:\/\/arosbusinessacademy.dk\/konsulentydelser\/learning-development-maturity\/","url":"https:\/\/arosbusinessacademy.dk\/konsulentydelser\/learning-development-maturity\/","name":"Gratis L&D test - Aros Business Academy \/ Konsulentydelser","isPartOf":{"@id":"https:\/\/arosbusinessacademy.dk\/konsulentydelser\/#website"},"primaryImageOfPage":{"@id":"https:\/\/arosbusinessacademy.dk\/konsulentydelser\/learning-development-maturity\/#primaryimage"},"image":{"@id":"https:\/\/arosbusinessacademy.dk\/konsulentydelser\/learning-development-maturity\/#primaryimage"},"thumbnailUrl":"https:\/\/arosbusinessacademy.dk\/konsulentydelser\/wp-content\/uploads\/2022\/11\/Learning-Development.png","datePublished":"2022-11-16T08:57:19+00:00","dateModified":"2025-07-08T09:48:17+00:00","breadcrumb":{"@id":"https:\/\/arosbusinessacademy.dk\/konsulentydelser\/learning-development-maturity\/#breadcrumb"},"inLanguage":"en-US","potentialAction":[{"@type":"ReadAction","target":["https:\/\/arosbusinessacademy.dk\/konsulentydelser\/learning-development-maturity\/"]}]},{"@type":"ImageObject","inLanguage":"en-US","@id":"https:\/\/arosbusinessacademy.dk\/konsulentydelser\/learning-development-maturity\/#primaryimage","url":"https:\/\/arosbusinessacademy.dk\/konsulentydelser\/wp-content\/uploads\/2022\/11\/Learning-Development.png","contentUrl":"https:\/\/arosbusinessacademy.dk\/konsulentydelser\/wp-content\/uploads\/2022\/11\/Learning-Development.png","width":1919,"height":442,"caption":"Learning & Development"},{"@type":"BreadcrumbList","@id":"https:\/\/arosbusinessacademy.dk\/konsulentydelser\/learning-development-maturity\/#breadcrumb","itemListElement":[{"@type":"ListItem","position":1,"name":"Home","item":"https:\/\/arosbusinessacademy.dk\/konsulentydelser\/"},{"@type":"ListItem","position":2,"name":"Gratis L&#038;D test"}]},{"@type":"WebSite","@id":"https:\/\/arosbusinessacademy.dk\/konsulentydelser\/#website","url":"https:\/\/arosbusinessacademy.dk\/konsulentydelser\/","name":"Aros Business Academy \/ Konsulentydelser","description":"","potentialAction":[{"@type":"SearchAction","target":{"@type":"EntryPoint","urlTemplate":"https:\/\/arosbusinessacademy.dk\/konsulentydelser\/?s={search_term_string}"},"query-input":{"@type":"PropertyValueSpecification","valueRequired":true,"valueName":"search_term_string"}}],"inLanguage":"en-US"}]}},"featured_image_src":null,"featured_image_src_square":null,"_links":{"self":[{"href":"https:\/\/arosbusinessacademy.dk\/konsulentydelser\/wp-json\/wp\/v2\/pages\/1137","targetHints":{"allow":["GET"]}}],"collection":[{"href":"https:\/\/arosbusinessacademy.dk\/konsulentydelser\/wp-json\/wp\/v2\/pages"}],"about":[{"href":"https:\/\/arosbusinessacademy.dk\/konsulentydelser\/wp-json\/wp\/v2\/types\/page"}],"author":[{"embeddable":true,"href":"https:\/\/arosbusinessacademy.dk\/konsulentydelser\/wp-json\/wp\/v2\/users\/2"}],"replies":[{"embeddable":true,"href":"https:\/\/arosbusinessacademy.dk\/konsulentydelser\/wp-json\/wp\/v2\/comments?post=1137"}],"version-history":[{"count":27,"href":"https:\/\/arosbusinessacademy.dk\/konsulentydelser\/wp-json\/wp\/v2\/pages\/1137\/revisions"}],"predecessor-version":[{"id":1219,"href":"https:\/\/arosbusinessacademy.dk\/konsulentydelser\/wp-json\/wp\/v2\/pages\/1137\/revisions\/1219"}],"wp:attachment":[{"href":"https:\/\/arosbusinessacademy.dk\/konsulentydelser\/wp-json\/wp\/v2\/media?parent=1137"}],"curies":[{"name":"wp","href":"https:\/\/api.w.org\/{rel}","templated":true}]}}