{"id":1034,"date":"2022-03-30T13:27:22","date_gmt":"2022-03-30T13:27:22","guid":{"rendered":"https:\/\/arosbusinessacademy.dk\/konsulentydelser\/?page_id=1034"},"modified":"2025-07-08T11:00:14","modified_gmt":"2025-07-08T11:00:14","slug":"quickguides","status":"publish","type":"page","link":"https:\/\/arosbusinessacademy.dk\/konsulentydelser\/quickguides\/","title":{"rendered":"Quickguides"},"content":{"rendered":"\n<div style=\"background-color:#313131;padding-bottom:8%;padding-top:10%;margin-bottom:5%\" class=\"wp-block-atomic-blocks-ab-container alignfull ab-layout-hero-1 ab-block-container alignfull\"><div class=\"ab-container-inside\"><div class=\"ab-container-content\" style=\"max-width:1200px\">\n<h1 class=\"has-text-align-left font-body ab-white-text font-xxl wp-block-heading\">11 <strong>quickguides<\/strong>.<\/h1>\n\n\n\n<p><span style=\"color:#ffffff\" class=\"has-inline-color\">Til HR-professionelle: Lad os hj\u00e6lpe jer godt i gang med jeres nye projekt inden for Learning &amp; Development!<\/span>lave <\/p>\n\n\n\n<div style=\"text-align:left\" class=\"wp-block-atomic-blocks-ab-button button-white mb-0 ab-block-button\"><a href=\"https:\/\/arosbusinessacademy.dk\/konsulentydelser\/tag-fat-i-os\/\" class=\"ab-button ab-button-shape-square ab-button-size-small\" style=\"color:#000000;background-color:#ffffff\">Book et opl\u00e6g (eller h\u00f8r mere)<\/a><\/div>\n\n\n\n<p><\/p>\n<\/div><\/div><\/div>\n\n\n\n<h2 class=\"wp-block-heading\">Bestil et af vores 2-timers inspirationsopl\u00e6g, og f\u00e5 viden og know-how til at komme godt i gang med jeres nye projekt inden for Learning &amp; Development!<br><\/h2>\n\n\n\n<div class=\"wp-block-atomic-blocks-ab-container ab-block-container\"><div class=\"ab-container-inside\"><div class=\"ab-container-content\">\n<div class=\"wp-block-atomic-blocks-ab-columns ab-layout-columns-2 ab-2-col-equal\" style=\"margin-bottom:40px\"><div class=\"ab-layout-column-wrap ab-block-layout-column-gap-6 ab-is-responsive-column\">\n<div class=\"wp-block-atomic-blocks-ab-column ab-block-layout-column\"><div class=\"ab-block-layout-column-inner\">\n<div class=\"wp-block-cover has-very-dark-gray-background-color has-background-dim\" style=\"min-height:721px;aspect-ratio:unset;\"><div class=\"wp-block-cover__inner-container is-layout-flow wp-block-cover-is-layout-flow\">\n<h3 class=\"has-text-color wp-block-heading\" style=\"color:#ffffff\"><span style=\"color:#ffffff\" class=\"has-inline-color\">V\u00e6lg jeres quickguide her<\/span><\/h3>\n\n\n\n<div style=\"height:20px\" aria-hidden=\"true\" class=\"wp-block-spacer\"><\/div>\n\n\n\n<p class=\"has-normal-font-size\">1.  Strategic Workforce Planning<\/p>\n\n\n\n<p class=\"has-normal-font-size\">2.  Ops\u00e6tning af LMS (Learning Management System)<\/p>\n\n\n\n<p class=\"has-normal-font-size\">3.  Udvikling af digitaliseret onboardingforl\u00f8b<\/p>\n\n\n\n<p class=\"has-normal-font-size\">4.  People Analytics og datadrevet medarbejderudvikling<\/p>\n\n\n\n<p class=\"has-normal-font-size\">5.  Competence Mapping &amp; GAP-analyse<\/p>\n\n\n\n<p class=\"has-normal-font-size\">6.  Outsourcing af kursusadministration<\/p>\n\n\n\n<p class=\"has-normal-font-size\">7.  Udvikling af eget internt akademi<\/p>\n\n\n\n<p class=\"has-normal-font-size\">8.  Udvikling og implementering af mentorordning<\/p>\n\n\n\n<p class=\"has-normal-font-size\">9.  Design af lederudviklingsforl\u00f8b<\/p>\n\n\n\n<p class=\"has-normal-font-size\">10.  Udvikling af l\u00e6ringskultur (den l\u00e6rende organisation)<\/p>\n\n\n\n<p class=\"has-normal-font-size\">11.  Udvikling af talentprogram eller graduate program<\/p>\n<\/div><\/div>\n\n\n\n<p><\/p>\n<\/div><\/div>\n\n\n\n<div class=\"wp-block-atomic-blocks-ab-column ab-block-layout-column\"><div class=\"ab-block-layout-column-inner\">\n<div class=\"wp-block-cover has-vivid-cyan-blue-background-color has-background-dim\" style=\"min-height:334px;aspect-ratio:unset;\"><div class=\"wp-block-cover__inner-container is-layout-flow wp-block-cover-is-layout-flow\">\n<h3 class=\"has-text-color wp-block-heading\" style=\"color:#ffffff\">Hvordan foreg\u00e5r det?<\/h3>\n\n\n\n<p><\/p>\n\n\n\n<p class=\"has-normal-font-size\">Vores konsulent tager en indledende snak med jer over telefonen og kigger derefter forbi til et 2-timers opl\u00e6g om det valgte emne. I kan invitere hele HR-afdelingen, L&amp;D-afdelingen eller blot et par udvalgte personer. Vi s\u00e6tter jer hurtigt ind i emnet og giver jer id\u00e9er til, hvordan I bedst griber jeres nye projekt an.<\/p>\n<\/div><\/div>\n\n\n\n<hr class=\"wp-block-separator\"\/>\n\n\n\n<h2 class=\"has-text-align-left wp-block-heading\"><em>Skal vi tage en snak?<\/em><\/h2>\n\n\n\n<p class=\"has-text-align-left has-normal-font-size\">Giv os et helt uforpligtende kald, og fort\u00e6l lidt om jer og jeres situation. S\u00e5 tager vi den stille og roligt derfra. Ring til uddannelseschef Anders Rosenlund p\u00e5 <a href=\"tel:70278279\"><strong>tlf. 70 278 279<\/strong>.<\/a>  <\/p>\n\n\n\n<figure class=\"wp-block-image size-large is-resized\"><img loading=\"lazy\" decoding=\"async\" src=\"https:\/\/arosbusinessacademy.dk\/konsulentydelser\/wp-content\/uploads\/2021\/03\/Anders-Rosenlund-juni-2016-1-1024x753.jpg\" alt=\"\" class=\"wp-image-866\" width=\"269\" height=\"197\" srcset=\"https:\/\/arosbusinessacademy.dk\/konsulentydelser\/wp-content\/uploads\/2021\/03\/Anders-Rosenlund-juni-2016-1-1024x753.jpg 1024w, https:\/\/arosbusinessacademy.dk\/konsulentydelser\/wp-content\/uploads\/2021\/03\/Anders-Rosenlund-juni-2016-1-300x220.jpg 300w, https:\/\/arosbusinessacademy.dk\/konsulentydelser\/wp-content\/uploads\/2021\/03\/Anders-Rosenlund-juni-2016-1-768x564.jpg 768w, https:\/\/arosbusinessacademy.dk\/konsulentydelser\/wp-content\/uploads\/2021\/03\/Anders-Rosenlund-juni-2016-1-1536x1129.jpg 1536w, https:\/\/arosbusinessacademy.dk\/konsulentydelser\/wp-content\/uploads\/2021\/03\/Anders-Rosenlund-juni-2016-1-1200x882.jpg 1200w, https:\/\/arosbusinessacademy.dk\/konsulentydelser\/wp-content\/uploads\/2021\/03\/Anders-Rosenlund-juni-2016-1-1400x1029.jpg 1400w, https:\/\/arosbusinessacademy.dk\/konsulentydelser\/wp-content\/uploads\/2021\/03\/Anders-Rosenlund-juni-2016-1.jpg 1920w\" sizes=\"auto, (max-width: 269px) 100vw, 269px\" \/><\/figure>\n\n\n\n<p><\/p>\n<\/div><\/div>\n<\/div><\/div>\n<\/div><\/div><\/div>\n\n\n","protected":false},"excerpt":{"rendered":"<p>Bestil et af vores 2-timers inspirationsopl\u00e6g, og f\u00e5 viden og know-how til at komme godt i gang med jeres nye projekt inden for Learning &amp; Development!<\/p>\n","protected":false},"author":2,"featured_media":0,"parent":0,"menu_order":0,"comment_status":"closed","ping_status":"closed","template":"","meta":{"footnotes":""},"class_list":["post-1034","page","type-page","status-publish","hentry","post","without-featured-image"],"yoast_head":"<!-- This site is optimized with the Yoast SEO plugin v25.7 - https:\/\/yoast.com\/wordpress\/plugins\/seo\/ -->\n<title>Quickguides - Aros Business Academy \/ Konsulentydelser<\/title>\n<meta name=\"robots\" content=\"index, follow, max-snippet:-1, max-image-preview:large, max-video-preview:-1\" \/>\n<link rel=\"canonical\" href=\"https:\/\/arosbusinessacademy.dk\/konsulentydelser\/quickguides\/\" \/>\n<meta property=\"og:locale\" content=\"en_US\" \/>\n<meta property=\"og:type\" content=\"article\" \/>\n<meta property=\"og:title\" content=\"Quickguides - Aros Business Academy \/ Konsulentydelser\" \/>\n<meta property=\"og:description\" content=\"Bestil et af vores 2-timers inspirationsopl\u00e6g, og f\u00e5 viden og know-how til at komme godt i gang med jeres nye projekt inden for Learning &amp; Development!\" \/>\n<meta property=\"og:url\" content=\"https:\/\/arosbusinessacademy.dk\/konsulentydelser\/quickguides\/\" \/>\n<meta property=\"og:site_name\" content=\"Aros Business Academy \/ Konsulentydelser\" \/>\n<meta property=\"article:modified_time\" content=\"2025-07-08T11:00:14+00:00\" \/>\n<meta property=\"og:image\" content=\"https:\/\/arosbusinessacademy.dk\/konsulentydelser\/wp-content\/uploads\/2021\/03\/Anders-Rosenlund-juni-2016-1.jpg\" \/>\n\t<meta property=\"og:image:width\" content=\"1920\" \/>\n\t<meta property=\"og:image:height\" content=\"1411\" \/>\n\t<meta property=\"og:image:type\" content=\"image\/jpeg\" \/>\n<meta name=\"twitter:card\" content=\"summary_large_image\" \/>\n<meta name=\"twitter:label1\" content=\"Est. reading time\" \/>\n\t<meta name=\"twitter:data1\" content=\"1 minute\" \/>\n<script type=\"application\/ld+json\" class=\"yoast-schema-graph\">{\"@context\":\"https:\/\/schema.org\",\"@graph\":[{\"@type\":\"WebPage\",\"@id\":\"https:\/\/arosbusinessacademy.dk\/konsulentydelser\/quickguides\/\",\"url\":\"https:\/\/arosbusinessacademy.dk\/konsulentydelser\/quickguides\/\",\"name\":\"Quickguides - Aros Business Academy \/ Konsulentydelser\",\"isPartOf\":{\"@id\":\"https:\/\/arosbusinessacademy.dk\/konsulentydelser\/#website\"},\"primaryImageOfPage\":{\"@id\":\"https:\/\/arosbusinessacademy.dk\/konsulentydelser\/quickguides\/#primaryimage\"},\"image\":{\"@id\":\"https:\/\/arosbusinessacademy.dk\/konsulentydelser\/quickguides\/#primaryimage\"},\"thumbnailUrl\":\"https:\/\/arosbusinessacademy.dk\/konsulentydelser\/wp-content\/uploads\/2021\/03\/Anders-Rosenlund-juni-2016-1-1024x753.jpg\",\"datePublished\":\"2022-03-30T13:27:22+00:00\",\"dateModified\":\"2025-07-08T11:00:14+00:00\",\"breadcrumb\":{\"@id\":\"https:\/\/arosbusinessacademy.dk\/konsulentydelser\/quickguides\/#breadcrumb\"},\"inLanguage\":\"en-US\",\"potentialAction\":[{\"@type\":\"ReadAction\",\"target\":[\"https:\/\/arosbusinessacademy.dk\/konsulentydelser\/quickguides\/\"]}]},{\"@type\":\"ImageObject\",\"inLanguage\":\"en-US\",\"@id\":\"https:\/\/arosbusinessacademy.dk\/konsulentydelser\/quickguides\/#primaryimage\",\"url\":\"https:\/\/arosbusinessacademy.dk\/konsulentydelser\/wp-content\/uploads\/2021\/03\/Anders-Rosenlund-juni-2016-1.jpg\",\"contentUrl\":\"https:\/\/arosbusinessacademy.dk\/konsulentydelser\/wp-content\/uploads\/2021\/03\/Anders-Rosenlund-juni-2016-1.jpg\",\"width\":1920,\"height\":1411},{\"@type\":\"BreadcrumbList\",\"@id\":\"https:\/\/arosbusinessacademy.dk\/konsulentydelser\/quickguides\/#breadcrumb\",\"itemListElement\":[{\"@type\":\"ListItem\",\"position\":1,\"name\":\"Home\",\"item\":\"https:\/\/arosbusinessacademy.dk\/konsulentydelser\/\"},{\"@type\":\"ListItem\",\"position\":2,\"name\":\"Quickguides\"}]},{\"@type\":\"WebSite\",\"@id\":\"https:\/\/arosbusinessacademy.dk\/konsulentydelser\/#website\",\"url\":\"https:\/\/arosbusinessacademy.dk\/konsulentydelser\/\",\"name\":\"Aros Business Academy \/ Konsulentydelser\",\"description\":\"\",\"potentialAction\":[{\"@type\":\"SearchAction\",\"target\":{\"@type\":\"EntryPoint\",\"urlTemplate\":\"https:\/\/arosbusinessacademy.dk\/konsulentydelser\/?s={search_term_string}\"},\"query-input\":{\"@type\":\"PropertyValueSpecification\",\"valueRequired\":true,\"valueName\":\"search_term_string\"}}],\"inLanguage\":\"en-US\"}]}<\/script>\n<!-- \/ Yoast SEO plugin. -->","yoast_head_json":{"title":"Quickguides - Aros Business Academy \/ Konsulentydelser","robots":{"index":"index","follow":"follow","max-snippet":"max-snippet:-1","max-image-preview":"max-image-preview:large","max-video-preview":"max-video-preview:-1"},"canonical":"https:\/\/arosbusinessacademy.dk\/konsulentydelser\/quickguides\/","og_locale":"en_US","og_type":"article","og_title":"Quickguides - Aros Business Academy \/ Konsulentydelser","og_description":"Bestil et af vores 2-timers inspirationsopl\u00e6g, og f\u00e5 viden og know-how til at komme godt i gang med jeres nye projekt inden for Learning &amp; Development!","og_url":"https:\/\/arosbusinessacademy.dk\/konsulentydelser\/quickguides\/","og_site_name":"Aros Business Academy \/ Konsulentydelser","article_modified_time":"2025-07-08T11:00:14+00:00","og_image":[{"width":1920,"height":1411,"url":"https:\/\/arosbusinessacademy.dk\/konsulentydelser\/wp-content\/uploads\/2021\/03\/Anders-Rosenlund-juni-2016-1.jpg","type":"image\/jpeg"}],"twitter_card":"summary_large_image","twitter_misc":{"Est. reading time":"1 minute"},"schema":{"@context":"https:\/\/schema.org","@graph":[{"@type":"WebPage","@id":"https:\/\/arosbusinessacademy.dk\/konsulentydelser\/quickguides\/","url":"https:\/\/arosbusinessacademy.dk\/konsulentydelser\/quickguides\/","name":"Quickguides - Aros Business Academy \/ Konsulentydelser","isPartOf":{"@id":"https:\/\/arosbusinessacademy.dk\/konsulentydelser\/#website"},"primaryImageOfPage":{"@id":"https:\/\/arosbusinessacademy.dk\/konsulentydelser\/quickguides\/#primaryimage"},"image":{"@id":"https:\/\/arosbusinessacademy.dk\/konsulentydelser\/quickguides\/#primaryimage"},"thumbnailUrl":"https:\/\/arosbusinessacademy.dk\/konsulentydelser\/wp-content\/uploads\/2021\/03\/Anders-Rosenlund-juni-2016-1-1024x753.jpg","datePublished":"2022-03-30T13:27:22+00:00","dateModified":"2025-07-08T11:00:14+00:00","breadcrumb":{"@id":"https:\/\/arosbusinessacademy.dk\/konsulentydelser\/quickguides\/#breadcrumb"},"inLanguage":"en-US","potentialAction":[{"@type":"ReadAction","target":["https:\/\/arosbusinessacademy.dk\/konsulentydelser\/quickguides\/"]}]},{"@type":"ImageObject","inLanguage":"en-US","@id":"https:\/\/arosbusinessacademy.dk\/konsulentydelser\/quickguides\/#primaryimage","url":"https:\/\/arosbusinessacademy.dk\/konsulentydelser\/wp-content\/uploads\/2021\/03\/Anders-Rosenlund-juni-2016-1.jpg","contentUrl":"https:\/\/arosbusinessacademy.dk\/konsulentydelser\/wp-content\/uploads\/2021\/03\/Anders-Rosenlund-juni-2016-1.jpg","width":1920,"height":1411},{"@type":"BreadcrumbList","@id":"https:\/\/arosbusinessacademy.dk\/konsulentydelser\/quickguides\/#breadcrumb","itemListElement":[{"@type":"ListItem","position":1,"name":"Home","item":"https:\/\/arosbusinessacademy.dk\/konsulentydelser\/"},{"@type":"ListItem","position":2,"name":"Quickguides"}]},{"@type":"WebSite","@id":"https:\/\/arosbusinessacademy.dk\/konsulentydelser\/#website","url":"https:\/\/arosbusinessacademy.dk\/konsulentydelser\/","name":"Aros Business Academy \/ Konsulentydelser","description":"","potentialAction":[{"@type":"SearchAction","target":{"@type":"EntryPoint","urlTemplate":"https:\/\/arosbusinessacademy.dk\/konsulentydelser\/?s={search_term_string}"},"query-input":{"@type":"PropertyValueSpecification","valueRequired":true,"valueName":"search_term_string"}}],"inLanguage":"en-US"}]}},"featured_image_src":null,"featured_image_src_square":null,"_links":{"self":[{"href":"https:\/\/arosbusinessacademy.dk\/konsulentydelser\/wp-json\/wp\/v2\/pages\/1034","targetHints":{"allow":["GET"]}}],"collection":[{"href":"https:\/\/arosbusinessacademy.dk\/konsulentydelser\/wp-json\/wp\/v2\/pages"}],"about":[{"href":"https:\/\/arosbusinessacademy.dk\/konsulentydelser\/wp-json\/wp\/v2\/types\/page"}],"author":[{"embeddable":true,"href":"https:\/\/arosbusinessacademy.dk\/konsulentydelser\/wp-json\/wp\/v2\/users\/2"}],"replies":[{"embeddable":true,"href":"https:\/\/arosbusinessacademy.dk\/konsulentydelser\/wp-json\/wp\/v2\/comments?post=1034"}],"version-history":[{"count":76,"href":"https:\/\/arosbusinessacademy.dk\/konsulentydelser\/wp-json\/wp\/v2\/pages\/1034\/revisions"}],"predecessor-version":[{"id":1220,"href":"https:\/\/arosbusinessacademy.dk\/konsulentydelser\/wp-json\/wp\/v2\/pages\/1034\/revisions\/1220"}],"wp:attachment":[{"href":"https:\/\/arosbusinessacademy.dk\/konsulentydelser\/wp-json\/wp\/v2\/media?parent=1034"}],"curies":[{"name":"wp","href":"https:\/\/api.w.org\/{rel}","templated":true}]}}